{"id":6520,"date":"2022-10-22T18:16:27","date_gmt":"2022-10-22T21:16:27","guid":{"rendered":"https:\/\/www.serpromin.cl\/store\/?post_type=product&#038;p=6520"},"modified":"2022-10-22T18:16:28","modified_gmt":"2022-10-22T21:16:28","slug":"estacion-de-emergencia-ambiental-anglo-american","status":"publish","type":"product","link":"https:\/\/www.serpromin.cl\/store\/producto\/estacion-de-emergencia-ambiental-anglo-american\/","title":{"rendered":"Estacion de Emergencia Ambiental Anglo American"},"content":{"rendered":"<p>Estaci\u00f3n de emergencias ambientales, est\u00e1ndar minera Anglo American, cumple con las exigencias espec\u00edficas del est\u00e1ndar de la compa\u00f1\u00eda minera Anglo American de sus distintos proyectos.<\/p>\n<p>Atril Metalico Tipo A, que soporta panel de 2,5 metros de ancho por 1,7 Metros de Alto, Fondo Blanco Con lineas Reflectantes de 10 cm de color Verde.<\/p>\n<p>Incluye cajones de madera para almacenar los componentes.<\/p>\n<p>Componentes.<\/p>\n<p>*  2 Buzos tipo tyvek de papel<br \/>\n*  2 Pares de guantes de latex<br \/>\n*  2 Respiradores de medio rostro con filtros mixtos<br \/>\n*  2 Lentes de seguridad con protecci\u00f3n lateral<br \/>\n*  2 Palas antichispas de Poliuretano<br \/>\n*  1 Pala carbonera met\u00e1lica<br \/>\n*  1 Pala punta de huevo met\u00e1lica<br \/>\n*  2 Baldes concreteros para arena<br \/>\n*  1 Rollo de polietileno<br \/>\n*  2 Escobillones tipo municipal<br \/>\n* 10 Bolsas de Basura residuos especiales color rojo<br \/>\n*  1 Contenedor de basura 240 lts.<br \/>\n*  <\/p>\n","protected":false},"excerpt":{"rendered":"<p>Estaci\u00f3n de emergencias ambientales, est\u00e1ndar minera Anglo American, cumple con las exigencias espec\u00edficas del est\u00e1ndar de la compa\u00f1\u00eda minera Anglo American de sus distintos proyectos.<\/p>\n","protected":false},"featured_media":6521,"comment_status":"open","ping_status":"closed","template":"","meta":{"om_disable_all_campaigns":false,"_monsterinsights_skip_tracking":false,"_monsterinsights_sitenote_active":false,"_monsterinsights_sitenote_note":"","_monsterinsights_sitenote_category":0,"_uf_show_specific_survey":0,"_uf_disable_surveys":false},"product_brand":[],"product_cat":[28,16],"product_tag":[],"class_list":{"0":"post-6520","1":"product","2":"type-product","3":"status-publish","4":"has-post-thumbnail","6":"product_cat-primeros-auxilios-y-rescate","7":"product_cat-seguridad-industrial","9":"first","10":"instock","11":"taxable","12":"shipping-taxable","13":"product-type-simple"},"_links":{"self":[{"href":"https:\/\/www.serpromin.cl\/store\/wp-json\/wp\/v2\/product\/6520","targetHints":{"allow":["GET"]}}],"collection":[{"href":"https:\/\/www.serpromin.cl\/store\/wp-json\/wp\/v2\/product"}],"about":[{"href":"https:\/\/www.serpromin.cl\/store\/wp-json\/wp\/v2\/types\/product"}],"replies":[{"embeddable":true,"href":"https:\/\/www.serpromin.cl\/store\/wp-json\/wp\/v2\/comments?post=6520"}],"wp:featuredmedia":[{"embeddable":true,"href":"https:\/\/www.serpromin.cl\/store\/wp-json\/wp\/v2\/media\/6521"}],"wp:attachment":[{"href":"https:\/\/www.serpromin.cl\/store\/wp-json\/wp\/v2\/media?parent=6520"}],"wp:term":[{"taxonomy":"product_brand","embeddable":true,"href":"https:\/\/www.serpromin.cl\/store\/wp-json\/wp\/v2\/product_brand?post=6520"},{"taxonomy":"product_cat","embeddable":true,"href":"https:\/\/www.serpromin.cl\/store\/wp-json\/wp\/v2\/product_cat?post=6520"},{"taxonomy":"product_tag","embeddable":true,"href":"https:\/\/www.serpromin.cl\/store\/wp-json\/wp\/v2\/product_tag?post=6520"}],"curies":[{"name":"wp","href":"https:\/\/api.w.org\/{rel}","templated":true}]}}