{"id":6518,"date":"2022-10-22T18:04:15","date_gmt":"2022-10-22T21:04:15","guid":{"rendered":"https:\/\/www.serpromin.cl\/store\/?post_type=product&#038;p=6518"},"modified":"2022-10-22T18:17:42","modified_gmt":"2022-10-22T21:17:42","slug":"estacion-de-emergencia-primeros-auxilios-anglo-american","status":"publish","type":"product","link":"https:\/\/www.serpromin.cl\/store\/producto\/estacion-de-emergencia-primeros-auxilios-anglo-american\/","title":{"rendered":"Estacion de Emergencia Primeros Auxilios Anglo American"},"content":{"rendered":"<p>Estaci\u00f3n de emergencia, est\u00e1ndar minera Anglo American, cumple con las exigencias espec\u00edficas del est\u00e1ndar de la compa\u00f1\u00eda minera Anglo American de sus distintos proyectos.<\/p>\n<p>Atril metalico tipo A, que soporta panel de 2,5 metros de ancho por 1,7 metros de alto. Fondo Blanco Con Lineas rojas de 10 CM reflectantes.<\/p>\n<p>Incluye cajones de madera para almacenar los componentes.<\/p>\n<p>Componentes.<\/p>\n<p>*Tabla Espinal Larga Plastica Adulto.<br \/>\n*Inmovilizador Lateral Para Tabla<br \/>\n*Collar Cervical<br \/>\n*Correas de Fijaci\u00f3n Tipo Ara\u00f1a<br \/>\n*Manta Isot\u00e9rmica Desechable<br \/>\n*Bocina de Aire Comprimido<br \/>\n*Extintor PQS ABC 10 Kilos Certificados<br \/>\n*Botiqu\u00edn de Primeros Auxilios.<\/p>\n","protected":false},"excerpt":{"rendered":"<p>Estaci\u00f3n de emergencia, est\u00e1ndar minera Anglo American, cumple con las exigencias espec\u00edficas del est\u00e1ndar de la compa\u00f1\u00eda minera Anglo American de sus distintos proyectos.<\/p>\n<p>&nbsp;<\/p>\n","protected":false},"featured_media":6519,"comment_status":"open","ping_status":"closed","template":"","meta":{"om_disable_all_campaigns":false,"_monsterinsights_skip_tracking":false,"_monsterinsights_sitenote_active":false,"_monsterinsights_sitenote_note":"","_monsterinsights_sitenote_category":0,"_uf_show_specific_survey":0,"_uf_disable_surveys":false},"product_brand":[],"product_cat":[16,28],"product_tag":[],"class_list":{"0":"post-6518","1":"product","2":"type-product","3":"status-publish","4":"has-post-thumbnail","6":"product_cat-seguridad-industrial","7":"product_cat-primeros-auxilios-y-rescate","9":"first","10":"instock","11":"taxable","12":"shipping-taxable","13":"product-type-simple"},"_links":{"self":[{"href":"https:\/\/www.serpromin.cl\/store\/wp-json\/wp\/v2\/product\/6518","targetHints":{"allow":["GET"]}}],"collection":[{"href":"https:\/\/www.serpromin.cl\/store\/wp-json\/wp\/v2\/product"}],"about":[{"href":"https:\/\/www.serpromin.cl\/store\/wp-json\/wp\/v2\/types\/product"}],"replies":[{"embeddable":true,"href":"https:\/\/www.serpromin.cl\/store\/wp-json\/wp\/v2\/comments?post=6518"}],"wp:featuredmedia":[{"embeddable":true,"href":"https:\/\/www.serpromin.cl\/store\/wp-json\/wp\/v2\/media\/6519"}],"wp:attachment":[{"href":"https:\/\/www.serpromin.cl\/store\/wp-json\/wp\/v2\/media?parent=6518"}],"wp:term":[{"taxonomy":"product_brand","embeddable":true,"href":"https:\/\/www.serpromin.cl\/store\/wp-json\/wp\/v2\/product_brand?post=6518"},{"taxonomy":"product_cat","embeddable":true,"href":"https:\/\/www.serpromin.cl\/store\/wp-json\/wp\/v2\/product_cat?post=6518"},{"taxonomy":"product_tag","embeddable":true,"href":"https:\/\/www.serpromin.cl\/store\/wp-json\/wp\/v2\/product_tag?post=6518"}],"curies":[{"name":"wp","href":"https:\/\/api.w.org\/{rel}","templated":true}]}}