{"id":6429,"date":"2022-09-26T10:17:23","date_gmt":"2022-09-26T13:17:23","guid":{"rendered":"https:\/\/www.serpromin.cl\/store\/?post_type=product&#038;p=6429"},"modified":"2023-04-03T12:25:55","modified_gmt":"2023-04-03T15:25:55","slug":"lampara-minera-kl10000-plus-steelpro","status":"publish","type":"product","link":"https:\/\/www.serpromin.cl\/store\/producto\/lampara-minera-kl10000-plus-steelpro\/","title":{"rendered":"Lampara Minera KL10000 Plus &#8211; Steelpro"},"content":{"rendered":"<p>La l\u00e1mpara KL 10.000 plus ha sido \u00f3ptimamente creada con un APLICACIONES dise\u00f1o industrial sin cable, Aparte de ser s\u00f3lida y poseer una larga duraci\u00f3n de su energ\u00eda, tambi\u00e9n es resistente al agua, liviana y peque\u00f1a. La l\u00e1mpara KL 10.000 plus es capaz de resistir las m\u00e1s rigurosas condiciones bajo tierra tal como las que se presentan en las minas de carb\u00f3n o metal. Asimismo, al ser un equipo liviano resulta id\u00f3neo para el uso p\u00fablico, actividades al aire libre, sobre veh\u00edculos montables y muchos otros prop\u00f3sitos pr\u00e1cticos.<\/p>\n<p>&nbsp;<\/p>\n<p>APLICACIONES<\/p>\n<p>Miner\u00eda subterr\u00e1nea, o en \u00e1reas peligrosas donde existan gases inflamables, tambi\u00e9n en lugares en donde se necesite iluminaci\u00f3n m\u00f3vil.<\/p>\n","protected":false},"excerpt":{"rendered":"<p>La l\u00e1mpara KL 10.000 plus ha sido \u00f3ptimamente creada con un APLICACIONES dise\u00f1o industrial sin cable, Aparte de ser s\u00f3lida y poseer una larga duraci\u00f3n de su energ\u00eda, tambi\u00e9n es resistente al agua, liviana y peque\u00f1a.<\/p>\n","protected":false},"featured_media":6430,"comment_status":"open","ping_status":"closed","template":"","meta":{"om_disable_all_campaigns":false,"_monsterinsights_skip_tracking":false,"_monsterinsights_sitenote_active":false,"_monsterinsights_sitenote_note":"","_monsterinsights_sitenote_category":0,"_uf_show_specific_survey":0,"_uf_disable_surveys":false},"product_brand":[],"product_cat":[16,134],"product_tag":[],"class_list":{"0":"post-6429","1":"product","2":"type-product","3":"status-publish","4":"has-post-thumbnail","6":"product_cat-seguridad-industrial","7":"product_cat-iluminacion","9":"first","10":"instock","11":"taxable","12":"shipping-taxable","13":"product-type-simple"},"_links":{"self":[{"href":"https:\/\/www.serpromin.cl\/store\/wp-json\/wp\/v2\/product\/6429","targetHints":{"allow":["GET"]}}],"collection":[{"href":"https:\/\/www.serpromin.cl\/store\/wp-json\/wp\/v2\/product"}],"about":[{"href":"https:\/\/www.serpromin.cl\/store\/wp-json\/wp\/v2\/types\/product"}],"replies":[{"embeddable":true,"href":"https:\/\/www.serpromin.cl\/store\/wp-json\/wp\/v2\/comments?post=6429"}],"wp:featuredmedia":[{"embeddable":true,"href":"https:\/\/www.serpromin.cl\/store\/wp-json\/wp\/v2\/media\/6430"}],"wp:attachment":[{"href":"https:\/\/www.serpromin.cl\/store\/wp-json\/wp\/v2\/media?parent=6429"}],"wp:term":[{"taxonomy":"product_brand","embeddable":true,"href":"https:\/\/www.serpromin.cl\/store\/wp-json\/wp\/v2\/product_brand?post=6429"},{"taxonomy":"product_cat","embeddable":true,"href":"https:\/\/www.serpromin.cl\/store\/wp-json\/wp\/v2\/product_cat?post=6429"},{"taxonomy":"product_tag","embeddable":true,"href":"https:\/\/www.serpromin.cl\/store\/wp-json\/wp\/v2\/product_tag?post=6429"}],"curies":[{"name":"wp","href":"https:\/\/api.w.org\/{rel}","templated":true}]}}