{"id":6279,"date":"2022-09-02T15:41:13","date_gmt":"2022-09-02T18:41:13","guid":{"rendered":"https:\/\/www.serpromin.cl\/store\/?post_type=product&#038;p=6279"},"modified":"2022-09-12T16:48:58","modified_gmt":"2022-09-12T19:48:58","slug":"taladro-percutor-13-mm-550-w-id13-2-220","status":"publish","type":"product","link":"https:\/\/www.serpromin.cl\/store\/producto\/taladro-percutor-13-mm-550-w-id13-2-220\/","title":{"rendered":"TALADRO PERCUTOR 13 MM 550 W ID13\/2\/220"},"content":{"rendered":"<p>Taladro percutor 13mm 550 Watts<\/p>\n<p>Contenido:<\/p>\n<ul>\n<li>1 Taladro<\/li>\n<li>1 mango de agarre<\/li>\n<\/ul>\n<p>Uso liviano , ergon\u00f3mico , liviano<\/p>\n<p>El taladro percutor ENERGY ID13\/2\/220 es una herramienta dise\u00f1ada para realizar trabajos de car\u00e1cter liviano considerando su potencia de 550 watts y su mandril de 13 mm , adem\u00e1s ofrece una herramienta de peso ligero y mayor comodidad para su uso.<\/p>\n<table style=\"height: 180px;\" width=\"337\">\n<tbody>\n<tr>\n<td width=\"220\">MODELO<\/td>\n<td width=\"266\">ID13\/2\/220<\/td>\n<\/tr>\n<tr>\n<td>POTENCIA<\/td>\n<td>550 watt<\/td>\n<\/tr>\n<tr>\n<td>VOLTAJE<\/td>\n<td>220 volt<\/td>\n<\/tr>\n<tr>\n<td>VELOCIDAD<\/td>\n<td>0-2800 rpm<\/td>\n<\/tr>\n<tr>\n<td>CAPACIDAD<\/td>\n<td>13mm<\/td>\n<\/tr>\n<tr>\n<td>PESO<\/td>\n<td>1,5Kg<\/td>\n<\/tr>\n<tr>\n<td>GARANTIA<\/td>\n<td>1 a\u00f1o<\/td>\n<\/tr>\n<\/tbody>\n<\/table>\n","protected":false},"excerpt":{"rendered":"<p>El taladro percutor ENERGY ID13\/2\/220 es una herramienta dise\u00f1ada para realizar trabajos de car\u00e1cter liviano&#8230;<\/p>\n","protected":false},"featured_media":6280,"comment_status":"open","ping_status":"closed","template":"","meta":{"om_disable_all_campaigns":false,"_monsterinsights_skip_tracking":false,"_monsterinsights_sitenote_active":false,"_monsterinsights_sitenote_note":"","_monsterinsights_sitenote_category":0,"_uf_show_specific_survey":0,"_uf_disable_surveys":false},"product_brand":[],"product_cat":[15,20],"product_tag":[],"class_list":{"0":"post-6279","1":"product","2":"type-product","3":"status-publish","4":"has-post-thumbnail","6":"product_cat-herramientas-electricas","7":"product_cat-maquinaria-y-equipos","9":"first","10":"instock","11":"taxable","12":"shipping-taxable","13":"product-type-simple"},"_links":{"self":[{"href":"https:\/\/www.serpromin.cl\/store\/wp-json\/wp\/v2\/product\/6279","targetHints":{"allow":["GET"]}}],"collection":[{"href":"https:\/\/www.serpromin.cl\/store\/wp-json\/wp\/v2\/product"}],"about":[{"href":"https:\/\/www.serpromin.cl\/store\/wp-json\/wp\/v2\/types\/product"}],"replies":[{"embeddable":true,"href":"https:\/\/www.serpromin.cl\/store\/wp-json\/wp\/v2\/comments?post=6279"}],"wp:featuredmedia":[{"embeddable":true,"href":"https:\/\/www.serpromin.cl\/store\/wp-json\/wp\/v2\/media\/6280"}],"wp:attachment":[{"href":"https:\/\/www.serpromin.cl\/store\/wp-json\/wp\/v2\/media?parent=6279"}],"wp:term":[{"taxonomy":"product_brand","embeddable":true,"href":"https:\/\/www.serpromin.cl\/store\/wp-json\/wp\/v2\/product_brand?post=6279"},{"taxonomy":"product_cat","embeddable":true,"href":"https:\/\/www.serpromin.cl\/store\/wp-json\/wp\/v2\/product_cat?post=6279"},{"taxonomy":"product_tag","embeddable":true,"href":"https:\/\/www.serpromin.cl\/store\/wp-json\/wp\/v2\/product_tag?post=6279"}],"curies":[{"name":"wp","href":"https:\/\/api.w.org\/{rel}","templated":true}]}}