{"id":6243,"date":"2022-09-01T19:33:13","date_gmt":"2022-09-01T22:33:13","guid":{"rendered":"https:\/\/www.serpromin.cl\/store\/?post_type=product&#038;p=6243"},"modified":"2022-09-12T13:55:33","modified_gmt":"2022-09-12T16:55:33","slug":"taladro-percutor-13mm-750w-tp-813-4-220","status":"publish","type":"product","link":"https:\/\/www.serpromin.cl\/store\/producto\/taladro-percutor-13mm-750w-tp-813-4-220\/","title":{"rendered":"TALADRO PERCUTOR 13mm 750w TP 813\/4\/220"},"content":{"rendered":"<p>Taladro percutor 13 mm 750 Watts<\/p>\n<p>Contenido :<\/p>\n<ul>\n<li>1 taladro percutor<\/li>\n<li>1 mango de ajuste lateral<\/li>\n<li>1 regulador de profundidad<\/li>\n<li>1 Llave de mandril<\/li>\n<\/ul>\n<p>El taladro percutor GLADIATOR TP 813\/4\/220 es una herramienta de alto rendimiento para realizar trabajos en construcci\u00f3n, carpinter\u00eda, etc., cuenta con mandril de 13mm y potencia de 750 Watts, ofrece un dise\u00f1o de peso ligero y brinda mayor comodidad durante su uso.<\/p>\n<table style=\"height: 208px;\" width=\"473\">\n<tbody>\n<tr>\n<td width=\"200\">MODELO<\/td>\n<td width=\"354\">TP 813\/4\/220<\/td>\n<\/tr>\n<tr>\n<td>VOLTAJE<\/td>\n<td>220v<\/td>\n<\/tr>\n<tr>\n<td>FRECUENCIA<\/td>\n<td>50-60Hz<\/td>\n<\/tr>\n<tr>\n<td>POTENCIA<\/td>\n<td>750w<\/td>\n<\/tr>\n<tr>\n<td>VELOCIDAD EN VACIO<\/td>\n<td>0 &#8211; 2800\/min<\/td>\n<\/tr>\n<tr>\n<td>CAPACIDAD<\/td>\n<td>13mm &#8211; 1\/2&#8243;<\/td>\n<\/tr>\n<tr>\n<td>AISLACION<\/td>\n<td>Clase II<\/td>\n<\/tr>\n<tr>\n<td>PESO<\/td>\n<td>2 Kg<\/td>\n<\/tr>\n<tr>\n<td>GARANTIA<\/td>\n<td>1 a\u00f1o<\/td>\n<\/tr>\n<\/tbody>\n<\/table>\n","protected":false},"excerpt":{"rendered":"<h4>El taladro percutor GLADIATOR TP 813\/4\/220 es una herramienta de alto rendimiento para realizar trabajos en construcci\u00f3n, carpinter\u00eda, etc., cuenta con mandril de 13mm y potencia de 750 Watts, ofrece un dise\u00f1o de peso ligero y brinda mayor comodidad durante su uso.<\/h4>\n","protected":false},"featured_media":6252,"comment_status":"open","ping_status":"closed","template":"","meta":{"om_disable_all_campaigns":false,"_monsterinsights_skip_tracking":false,"_monsterinsights_sitenote_active":false,"_monsterinsights_sitenote_note":"","_monsterinsights_sitenote_category":0,"_uf_show_specific_survey":0,"_uf_disable_surveys":false},"product_brand":[],"product_cat":[20,15],"product_tag":[],"class_list":{"0":"post-6243","1":"product","2":"type-product","3":"status-publish","4":"has-post-thumbnail","6":"product_cat-maquinaria-y-equipos","7":"product_cat-herramientas-electricas","9":"first","10":"instock","11":"taxable","12":"shipping-taxable","13":"product-type-simple"},"_links":{"self":[{"href":"https:\/\/www.serpromin.cl\/store\/wp-json\/wp\/v2\/product\/6243","targetHints":{"allow":["GET"]}}],"collection":[{"href":"https:\/\/www.serpromin.cl\/store\/wp-json\/wp\/v2\/product"}],"about":[{"href":"https:\/\/www.serpromin.cl\/store\/wp-json\/wp\/v2\/types\/product"}],"replies":[{"embeddable":true,"href":"https:\/\/www.serpromin.cl\/store\/wp-json\/wp\/v2\/comments?post=6243"}],"wp:featuredmedia":[{"embeddable":true,"href":"https:\/\/www.serpromin.cl\/store\/wp-json\/wp\/v2\/media\/6252"}],"wp:attachment":[{"href":"https:\/\/www.serpromin.cl\/store\/wp-json\/wp\/v2\/media?parent=6243"}],"wp:term":[{"taxonomy":"product_brand","embeddable":true,"href":"https:\/\/www.serpromin.cl\/store\/wp-json\/wp\/v2\/product_brand?post=6243"},{"taxonomy":"product_cat","embeddable":true,"href":"https:\/\/www.serpromin.cl\/store\/wp-json\/wp\/v2\/product_cat?post=6243"},{"taxonomy":"product_tag","embeddable":true,"href":"https:\/\/www.serpromin.cl\/store\/wp-json\/wp\/v2\/product_tag?post=6243"}],"curies":[{"name":"wp","href":"https:\/\/api.w.org\/{rel}","templated":true}]}}