{"id":6066,"date":"2022-08-07T17:01:46","date_gmt":"2022-08-07T20:01:46","guid":{"rendered":"https:\/\/www.serpromin.cl\/store\/?post_type=product&#038;p=6066"},"modified":"2022-08-07T17:01:47","modified_gmt":"2022-08-07T20:01:47","slug":"esmeril-angular-ag15-3-220-energy","status":"publish","type":"product","link":"https:\/\/www.serpromin.cl\/store\/producto\/esmeril-angular-ag15-3-220-energy\/","title":{"rendered":"Esmeril Angular AG15\/3\/220 &#8211; ENERGY"},"content":{"rendered":"<p>Esmeril Angular 4 1\/2&#8243;\u00bb 600 Watts<\/p>\n<p>Contenido :<\/p>\n<p>1 Esmeril<\/p>\n<p>1 Mango lateral<\/p>\n<p>1 Llave de ajuste para discos<\/p>\n<p>1 Juego de carbones<\/p>\n","protected":false},"excerpt":{"rendered":"<h4>El esmeril angular ENERGY AG15\/3\/220 es una herramienta de uso liviano para trabajos en construcci\u00f3n , ferreter\u00eda , carpinter\u00eda etc. Su dise\u00f1o ergon\u00f3mico y sus 4 1\/2&#8243; de disco mas su potencia de 600 Watts. nos ofrece una herramienta ideal para trabajos de terminaciones de acuerdo al tipo de disco y superficie a utilizar.<\/h4>\n","protected":false},"featured_media":6067,"comment_status":"open","ping_status":"closed","template":"","meta":{"om_disable_all_campaigns":false,"_monsterinsights_skip_tracking":false,"_monsterinsights_sitenote_active":false,"_monsterinsights_sitenote_note":"","_monsterinsights_sitenote_category":0,"_uf_show_specific_survey":0,"_uf_disable_surveys":false},"product_brand":[],"product_cat":[268,20],"product_tag":[],"class_list":{"0":"post-6066","1":"product","2":"type-product","3":"status-publish","4":"has-post-thumbnail","6":"product_cat-maquinaria-metalmecanica","7":"product_cat-maquinaria-y-equipos","9":"first","10":"instock","11":"taxable","12":"shipping-taxable","13":"product-type-simple"},"_links":{"self":[{"href":"https:\/\/www.serpromin.cl\/store\/wp-json\/wp\/v2\/product\/6066","targetHints":{"allow":["GET"]}}],"collection":[{"href":"https:\/\/www.serpromin.cl\/store\/wp-json\/wp\/v2\/product"}],"about":[{"href":"https:\/\/www.serpromin.cl\/store\/wp-json\/wp\/v2\/types\/product"}],"replies":[{"embeddable":true,"href":"https:\/\/www.serpromin.cl\/store\/wp-json\/wp\/v2\/comments?post=6066"}],"wp:featuredmedia":[{"embeddable":true,"href":"https:\/\/www.serpromin.cl\/store\/wp-json\/wp\/v2\/media\/6067"}],"wp:attachment":[{"href":"https:\/\/www.serpromin.cl\/store\/wp-json\/wp\/v2\/media?parent=6066"}],"wp:term":[{"taxonomy":"product_brand","embeddable":true,"href":"https:\/\/www.serpromin.cl\/store\/wp-json\/wp\/v2\/product_brand?post=6066"},{"taxonomy":"product_cat","embeddable":true,"href":"https:\/\/www.serpromin.cl\/store\/wp-json\/wp\/v2\/product_cat?post=6066"},{"taxonomy":"product_tag","embeddable":true,"href":"https:\/\/www.serpromin.cl\/store\/wp-json\/wp\/v2\/product_tag?post=6066"}],"curies":[{"name":"wp","href":"https:\/\/api.w.org\/{rel}","templated":true}]}}