{"id":5966,"date":"2022-05-23T16:35:49","date_gmt":"2022-05-23T19:35:49","guid":{"rendered":"https:\/\/www.serpromin.cl\/store\/?post_type=product&#038;p=5966"},"modified":"2022-08-17T15:10:18","modified_gmt":"2022-08-17T18:10:18","slug":"gabinete-estacion-de-emergencia-basico","status":"publish","type":"product","link":"https:\/\/www.serpromin.cl\/store\/producto\/gabinete-estacion-de-emergencia-basico\/","title":{"rendered":"Gabinete Estacion de Emergencia Basico"},"content":{"rendered":"<p>Gabinete, dise\u00f1ado para almacenar los elementos b\u00e1sicos, necesarios para la atenci\u00f3n de una emergencia de primeros auxilios en el lugar de trabajo.<\/p>\n<p>Gabinete fabricado plancha de acero de 0,8mm, con una puerta con chapa y ventana de acr\u00edlica que permite tener la visual de los implementos.<\/p>\n<p><strong>No incluye el equipamiento de emergencia.<\/strong><\/p>\n<p><strong>Dimensiones:<\/strong><\/p>\n<p>Alto: 210 cm<\/p>\n<p>Ancho: 50 cm<\/p>\n<p>Fondo: 40 cm<\/p>\n<p>Cotiza tambien el gabinete con el equipamiento de emergencia.<\/p>\n<p>&nbsp;<\/p>\n","protected":false},"excerpt":{"rendered":"<p>Gabinete, dise\u00f1ado para almacenar los elementos b\u00e1sicos, necesarios para la atenci\u00f3n de una emergencia de primeros auxilios en el lugar de trabajo.<\/p>\n","protected":false},"featured_media":6130,"comment_status":"open","ping_status":"closed","template":"","meta":{"om_disable_all_campaigns":false,"_monsterinsights_skip_tracking":false,"_monsterinsights_sitenote_active":false,"_monsterinsights_sitenote_note":"","_monsterinsights_sitenote_category":0,"_uf_show_specific_survey":0,"_uf_disable_surveys":false},"product_brand":[],"product_cat":[16,28],"product_tag":[],"class_list":{"0":"post-5966","1":"product","2":"type-product","3":"status-publish","4":"has-post-thumbnail","6":"product_cat-seguridad-industrial","7":"product_cat-primeros-auxilios-y-rescate","9":"first","10":"instock","11":"taxable","12":"shipping-taxable","13":"product-type-simple"},"_links":{"self":[{"href":"https:\/\/www.serpromin.cl\/store\/wp-json\/wp\/v2\/product\/5966","targetHints":{"allow":["GET"]}}],"collection":[{"href":"https:\/\/www.serpromin.cl\/store\/wp-json\/wp\/v2\/product"}],"about":[{"href":"https:\/\/www.serpromin.cl\/store\/wp-json\/wp\/v2\/types\/product"}],"replies":[{"embeddable":true,"href":"https:\/\/www.serpromin.cl\/store\/wp-json\/wp\/v2\/comments?post=5966"}],"wp:featuredmedia":[{"embeddable":true,"href":"https:\/\/www.serpromin.cl\/store\/wp-json\/wp\/v2\/media\/6130"}],"wp:attachment":[{"href":"https:\/\/www.serpromin.cl\/store\/wp-json\/wp\/v2\/media?parent=5966"}],"wp:term":[{"taxonomy":"product_brand","embeddable":true,"href":"https:\/\/www.serpromin.cl\/store\/wp-json\/wp\/v2\/product_brand?post=5966"},{"taxonomy":"product_cat","embeddable":true,"href":"https:\/\/www.serpromin.cl\/store\/wp-json\/wp\/v2\/product_cat?post=5966"},{"taxonomy":"product_tag","embeddable":true,"href":"https:\/\/www.serpromin.cl\/store\/wp-json\/wp\/v2\/product_tag?post=5966"}],"curies":[{"name":"wp","href":"https:\/\/api.w.org\/{rel}","templated":true}]}}