{"id":56,"date":"2013-12-03T06:53:10","date_gmt":"2013-12-03T06:53:10","guid":{"rendered":"http:\/\/demo2.wpdance.com\/oswadmarket_sample\/?post_type=product&#038;p=56"},"modified":"2022-09-26T10:49:29","modified_gmt":"2022-09-26T13:49:29","slug":"external-product-right","status":"publish","type":"product","link":"https:\/\/www.serpromin.cl\/store\/producto\/external-product-right\/","title":{"rendered":"Caco de Seguridad MTA ABS &#8211; STEELPRO"},"content":{"rendered":"<p>Los cascos Steelpro ABS MTA DIelectrico est\u00e1n dise\u00f1ados de termopl\u00e1stico de ingenier\u00eda ABS de alta resistencia a impactos. Posee suspensi\u00f3n de seis puntas con ajusta tipo Roller que permite un calce simple y adecuado. Slot de tama\u00f1o universal para complementar con accesorios. Visera corta para trabajos en altura, espacios confinados. Certificaci\u00f3n ANSI Z89.1.2003, Nch 461.2001 CLASE E<br \/>\nDescargar Ficha T\u00e9cnica<br \/>\nCertificaci\u00f3n Casco MTA ABS N\u00b037<br \/>\nCertificaci\u00f3n Casco MTA ABS N\u00b038<\/p>\n","protected":false},"excerpt":{"rendered":"<p>Los cascos Steelpro ABS MTA Dielectrico est\u00e1n dise\u00f1ados de termopl\u00e1stico de ingenier\u00eda ABS de alta resistencia a impactos.<\/p>\n","protected":false},"featured_media":4791,"comment_status":"open","ping_status":"closed","template":"","meta":{"om_disable_all_campaigns":false,"_monsterinsights_skip_tracking":false,"_monsterinsights_sitenote_active":false,"_monsterinsights_sitenote_note":"","_monsterinsights_sitenote_category":0,"_uf_show_specific_survey":0,"_uf_disable_surveys":false},"product_brand":[],"product_cat":[16,21,146],"product_tag":[126,129,127,131,65],"class_list":{"0":"post-56","1":"product","2":"type-product","3":"status-publish","4":"has-post-thumbnail","6":"product_cat-seguridad-industrial","7":"product_cat-proteccion-de-cabeza","8":"product_cat-proteccion-electrica","9":"product_tag-casco","10":"product_tag-casco-de-proteccion","11":"product_tag-casco-de-seguridad","12":"product_tag-proteccion-de-cabeza","13":"product_tag-woocommerce","15":"first","16":"instock","17":"taxable","18":"shipping-taxable","19":"product-type-simple"},"_links":{"self":[{"href":"https:\/\/www.serpromin.cl\/store\/wp-json\/wp\/v2\/product\/56","targetHints":{"allow":["GET"]}}],"collection":[{"href":"https:\/\/www.serpromin.cl\/store\/wp-json\/wp\/v2\/product"}],"about":[{"href":"https:\/\/www.serpromin.cl\/store\/wp-json\/wp\/v2\/types\/product"}],"replies":[{"embeddable":true,"href":"https:\/\/www.serpromin.cl\/store\/wp-json\/wp\/v2\/comments?post=56"}],"wp:featuredmedia":[{"embeddable":true,"href":"https:\/\/www.serpromin.cl\/store\/wp-json\/wp\/v2\/media\/4791"}],"wp:attachment":[{"href":"https:\/\/www.serpromin.cl\/store\/wp-json\/wp\/v2\/media?parent=56"}],"wp:term":[{"taxonomy":"product_brand","embeddable":true,"href":"https:\/\/www.serpromin.cl\/store\/wp-json\/wp\/v2\/product_brand?post=56"},{"taxonomy":"product_cat","embeddable":true,"href":"https:\/\/www.serpromin.cl\/store\/wp-json\/wp\/v2\/product_cat?post=56"},{"taxonomy":"product_tag","embeddable":true,"href":"https:\/\/www.serpromin.cl\/store\/wp-json\/wp\/v2\/product_tag?post=56"}],"curies":[{"name":"wp","href":"https:\/\/api.w.org\/{rel}","templated":true}]}}