{"id":5231,"date":"2021-11-07T21:41:57","date_gmt":"2021-11-08T00:41:57","guid":{"rendered":"https:\/\/www.serpromin.cl\/store\/?post_type=product&#038;p=5231"},"modified":"2022-04-19T10:57:07","modified_gmt":"2022-04-19T13:57:07","slug":"kit-de-contencion-derrame-quimico-50lts-crunchoil","status":"publish","type":"product","link":"https:\/\/www.serpromin.cl\/store\/producto\/kit-de-contencion-derrame-quimico-50lts-crunchoil\/","title":{"rendered":"Kit de Contencion Derrame Qu\u00edmico 50lts. &#8211; CrunchOil"},"content":{"rendered":"<p>Dise\u00f1ado para el control de contingencias derivadas de derrames de una gran variedad de sustancias qu\u00edmicas como \u00e1cidos, \u00e1lcalisis, solventes, etc. Ideal para ser usado como elemento preventivo en instalaciones operativas, \u00e1reas de almacenamiento de sustancias peligrosas, etc.<\/p>\n<p>ABSORCI\u00d3N (APROX.): 50lt.<\/p>\n","protected":false},"excerpt":{"rendered":"<p>Dise\u00f1ado para el control de contingencias derivadas de derrames de una gran variedad de sustancias qu\u00edmicas como \u00e1cidos, \u00e1lcalis, solventes, etc.<\/p>\n","protected":false},"featured_media":5232,"comment_status":"open","ping_status":"closed","template":"","meta":{"om_disable_all_campaigns":false,"_monsterinsights_skip_tracking":false,"_monsterinsights_sitenote_active":false,"_monsterinsights_sitenote_note":"","_monsterinsights_sitenote_category":0,"_uf_show_specific_survey":0,"_uf_disable_surveys":false},"product_brand":[],"product_cat":[19,111],"product_tag":[],"class_list":{"0":"post-5231","1":"product","2":"type-product","3":"status-publish","4":"has-post-thumbnail","6":"product_cat-aseo-industrial","7":"product_cat-contencion-de-derrames","9":"first","10":"instock","11":"taxable","12":"shipping-taxable","13":"product-type-simple"},"_links":{"self":[{"href":"https:\/\/www.serpromin.cl\/store\/wp-json\/wp\/v2\/product\/5231","targetHints":{"allow":["GET"]}}],"collection":[{"href":"https:\/\/www.serpromin.cl\/store\/wp-json\/wp\/v2\/product"}],"about":[{"href":"https:\/\/www.serpromin.cl\/store\/wp-json\/wp\/v2\/types\/product"}],"replies":[{"embeddable":true,"href":"https:\/\/www.serpromin.cl\/store\/wp-json\/wp\/v2\/comments?post=5231"}],"wp:featuredmedia":[{"embeddable":true,"href":"https:\/\/www.serpromin.cl\/store\/wp-json\/wp\/v2\/media\/5232"}],"wp:attachment":[{"href":"https:\/\/www.serpromin.cl\/store\/wp-json\/wp\/v2\/media?parent=5231"}],"wp:term":[{"taxonomy":"product_brand","embeddable":true,"href":"https:\/\/www.serpromin.cl\/store\/wp-json\/wp\/v2\/product_brand?post=5231"},{"taxonomy":"product_cat","embeddable":true,"href":"https:\/\/www.serpromin.cl\/store\/wp-json\/wp\/v2\/product_cat?post=5231"},{"taxonomy":"product_tag","embeddable":true,"href":"https:\/\/www.serpromin.cl\/store\/wp-json\/wp\/v2\/product_tag?post=5231"}],"curies":[{"name":"wp","href":"https:\/\/api.w.org\/{rel}","templated":true}]}}