{"id":5227,"date":"2021-11-07T21:35:34","date_gmt":"2021-11-08T00:35:34","guid":{"rendered":"https:\/\/www.serpromin.cl\/store\/?post_type=product&#038;p=5227"},"modified":"2022-04-19T10:57:07","modified_gmt":"2022-04-19T13:57:07","slug":"kit-de-derrame-quimico-q1000-crunchoil","status":"publish","type":"product","link":"https:\/\/www.serpromin.cl\/store\/producto\/kit-de-derrame-quimico-q1000-crunchoil\/","title":{"rendered":"Kit de Derrame Quimico Q1000 &#8211; CrunchOil"},"content":{"rendered":"<p>Especialmente dise\u00f1ados para derrames de sustancias qu\u00edmicas. Contienen un conjunto de elementos b\u00e1sicos para el control de emergencias, permitiendo una r\u00e1pida intervenci\u00f3n.<\/p>\n<p>Q1000: ABSORCI\u00d3N (APROX.): 10lt.<\/p>\n","protected":false},"excerpt":{"rendered":"<p>Especialmente dise\u00f1ados para derrames de sustancias qu\u00edmicas. Contienen un conjunto de elementos b\u00e1sicos para el control de emergencias, permitiendo una r\u00e1pida intervenci\u00f3n.<\/p>\n","protected":false},"featured_media":5228,"comment_status":"open","ping_status":"closed","template":"","meta":{"om_disable_all_campaigns":false,"_monsterinsights_skip_tracking":false,"_monsterinsights_sitenote_active":false,"_monsterinsights_sitenote_note":"","_monsterinsights_sitenote_category":0,"_uf_show_specific_survey":0,"_uf_disable_surveys":false},"product_brand":[],"product_cat":[19,111],"product_tag":[],"class_list":{"0":"post-5227","1":"product","2":"type-product","3":"status-publish","4":"has-post-thumbnail","6":"product_cat-aseo-industrial","7":"product_cat-contencion-de-derrames","9":"first","10":"instock","11":"taxable","12":"shipping-taxable","13":"product-type-simple"},"_links":{"self":[{"href":"https:\/\/www.serpromin.cl\/store\/wp-json\/wp\/v2\/product\/5227","targetHints":{"allow":["GET"]}}],"collection":[{"href":"https:\/\/www.serpromin.cl\/store\/wp-json\/wp\/v2\/product"}],"about":[{"href":"https:\/\/www.serpromin.cl\/store\/wp-json\/wp\/v2\/types\/product"}],"replies":[{"embeddable":true,"href":"https:\/\/www.serpromin.cl\/store\/wp-json\/wp\/v2\/comments?post=5227"}],"wp:featuredmedia":[{"embeddable":true,"href":"https:\/\/www.serpromin.cl\/store\/wp-json\/wp\/v2\/media\/5228"}],"wp:attachment":[{"href":"https:\/\/www.serpromin.cl\/store\/wp-json\/wp\/v2\/media?parent=5227"}],"wp:term":[{"taxonomy":"product_brand","embeddable":true,"href":"https:\/\/www.serpromin.cl\/store\/wp-json\/wp\/v2\/product_brand?post=5227"},{"taxonomy":"product_cat","embeddable":true,"href":"https:\/\/www.serpromin.cl\/store\/wp-json\/wp\/v2\/product_cat?post=5227"},{"taxonomy":"product_tag","embeddable":true,"href":"https:\/\/www.serpromin.cl\/store\/wp-json\/wp\/v2\/product_tag?post=5227"}],"curies":[{"name":"wp","href":"https:\/\/api.w.org\/{rel}","templated":true}]}}