{"id":5226,"date":"2021-11-07T21:31:57","date_gmt":"2021-11-08T00:31:57","guid":{"rendered":"https:\/\/www.serpromin.cl\/store\/?post_type=product&#038;p=5226"},"modified":"2022-04-19T10:56:51","modified_gmt":"2022-04-19T13:56:51","slug":"kit-de-contencion-de-derrame-110-lts-crunchoil","status":"publish","type":"product","link":"https:\/\/www.serpromin.cl\/store\/producto\/kit-de-contencion-de-derrame-110-lts-crunchoil\/","title":{"rendered":"Kit de Contenci\u00f3n de Derrame 110 Lts. &#8211; CrunchOil"},"content":{"rendered":"<p>Espec\u00edficamente dise\u00f1ados para el control de emergencias derivadas de fugas o derrames que permitan una r\u00e1pida intervenci\u00f3n o tambi\u00e9n para ser usados como elemento preventivo en instalaciones operativas, \u00e1reas de almacenamiento de combustible, lubricentros, estaciones de servicios, etc.<\/p>\n<p>\u00c1REA LIMPIA 2: ABSORCI\u00d3N (APROX.): 110lt.<\/p>\n","protected":false},"excerpt":{"rendered":"<p>Espec\u00edficamente dise\u00f1ados para el control de emergencias derivadas de fugas o derrames que permitan una r\u00e1pida intervenci\u00f3n o tambi\u00e9n para ser usados como elemento preventivo en instalaciones operativas, \u00e1reas de almacenamiento de combustible, lubricentros, estaciones de servicios, etc.<\/p>\n","protected":false},"featured_media":5225,"comment_status":"open","ping_status":"closed","template":"","meta":{"om_disable_all_campaigns":false,"_monsterinsights_skip_tracking":false,"_monsterinsights_sitenote_active":false,"_monsterinsights_sitenote_note":"","_monsterinsights_sitenote_category":0,"_uf_show_specific_survey":0,"_uf_disable_surveys":false},"product_brand":[],"product_cat":[19,111],"product_tag":[],"class_list":{"0":"post-5226","1":"product","2":"type-product","3":"status-publish","4":"has-post-thumbnail","6":"product_cat-aseo-industrial","7":"product_cat-contencion-de-derrames","9":"first","10":"instock","11":"taxable","12":"shipping-taxable","13":"product-type-simple"},"_links":{"self":[{"href":"https:\/\/www.serpromin.cl\/store\/wp-json\/wp\/v2\/product\/5226","targetHints":{"allow":["GET"]}}],"collection":[{"href":"https:\/\/www.serpromin.cl\/store\/wp-json\/wp\/v2\/product"}],"about":[{"href":"https:\/\/www.serpromin.cl\/store\/wp-json\/wp\/v2\/types\/product"}],"replies":[{"embeddable":true,"href":"https:\/\/www.serpromin.cl\/store\/wp-json\/wp\/v2\/comments?post=5226"}],"wp:featuredmedia":[{"embeddable":true,"href":"https:\/\/www.serpromin.cl\/store\/wp-json\/wp\/v2\/media\/5225"}],"wp:attachment":[{"href":"https:\/\/www.serpromin.cl\/store\/wp-json\/wp\/v2\/media?parent=5226"}],"wp:term":[{"taxonomy":"product_brand","embeddable":true,"href":"https:\/\/www.serpromin.cl\/store\/wp-json\/wp\/v2\/product_brand?post=5226"},{"taxonomy":"product_cat","embeddable":true,"href":"https:\/\/www.serpromin.cl\/store\/wp-json\/wp\/v2\/product_cat?post=5226"},{"taxonomy":"product_tag","embeddable":true,"href":"https:\/\/www.serpromin.cl\/store\/wp-json\/wp\/v2\/product_tag?post=5226"}],"curies":[{"name":"wp","href":"https:\/\/api.w.org\/{rel}","templated":true}]}}