{"id":5210,"date":"2021-11-07T21:04:16","date_gmt":"2021-11-08T00:04:16","guid":{"rendered":"https:\/\/www.serpromin.cl\/store\/?post_type=product&#038;p=5210"},"modified":"2022-04-19T10:56:39","modified_gmt":"2022-04-19T13:56:39","slug":"floating-boom-manga-de-absorcion-flotante-crunchoil","status":"publish","type":"product","link":"https:\/\/www.serpromin.cl\/store\/producto\/floating-boom-manga-de-absorcion-flotante-crunchoil\/","title":{"rendered":"Floating Boom, Manga de Absorci\u00f3n Flotante &#8211; CrunchOil"},"content":{"rendered":"<p>Manga de polipropileno rellenas de fibras org\u00e1nicas naturales. Dise\u00f1ada para ser utilizada en derrames de hidrocarburo sobre agua, con accesorios que permiten su uni\u00f3n con otras mangas, para lograr barreras flotantes de contenci\u00f3n.<\/p>\n<p>PESO: 2kg.<\/p>\n<p>TAMA\u00d1O: 250x10cm.<\/p>\n<p>ABSORCI\u00d3N (APROX.): 14lt.<\/p>\n","protected":false},"excerpt":{"rendered":"<p>Manga de polipropileno rellenas de fibras org\u00e1nicas naturales. Dise\u00f1ada para ser utilizada en derrames de hidrocarburo sobre agua.<\/p>\n","protected":false},"featured_media":5211,"comment_status":"open","ping_status":"closed","template":"","meta":{"om_disable_all_campaigns":false,"_monsterinsights_skip_tracking":false,"_monsterinsights_sitenote_active":false,"_monsterinsights_sitenote_note":"","_monsterinsights_sitenote_category":0,"_uf_show_specific_survey":0,"_uf_disable_surveys":false},"product_brand":[],"product_cat":[19,111],"product_tag":[],"class_list":{"0":"post-5210","1":"product","2":"type-product","3":"status-publish","4":"has-post-thumbnail","6":"product_cat-aseo-industrial","7":"product_cat-contencion-de-derrames","9":"first","10":"instock","11":"taxable","12":"shipping-taxable","13":"product-type-simple"},"_links":{"self":[{"href":"https:\/\/www.serpromin.cl\/store\/wp-json\/wp\/v2\/product\/5210","targetHints":{"allow":["GET"]}}],"collection":[{"href":"https:\/\/www.serpromin.cl\/store\/wp-json\/wp\/v2\/product"}],"about":[{"href":"https:\/\/www.serpromin.cl\/store\/wp-json\/wp\/v2\/types\/product"}],"replies":[{"embeddable":true,"href":"https:\/\/www.serpromin.cl\/store\/wp-json\/wp\/v2\/comments?post=5210"}],"wp:featuredmedia":[{"embeddable":true,"href":"https:\/\/www.serpromin.cl\/store\/wp-json\/wp\/v2\/media\/5211"}],"wp:attachment":[{"href":"https:\/\/www.serpromin.cl\/store\/wp-json\/wp\/v2\/media?parent=5210"}],"wp:term":[{"taxonomy":"product_brand","embeddable":true,"href":"https:\/\/www.serpromin.cl\/store\/wp-json\/wp\/v2\/product_brand?post=5210"},{"taxonomy":"product_cat","embeddable":true,"href":"https:\/\/www.serpromin.cl\/store\/wp-json\/wp\/v2\/product_cat?post=5210"},{"taxonomy":"product_tag","embeddable":true,"href":"https:\/\/www.serpromin.cl\/store\/wp-json\/wp\/v2\/product_tag?post=5210"}],"curies":[{"name":"wp","href":"https:\/\/api.w.org\/{rel}","templated":true}]}}