{"id":5194,"date":"2021-11-07T20:31:40","date_gmt":"2021-11-07T23:31:40","guid":{"rendered":"https:\/\/www.serpromin.cl\/store\/?post_type=product&#038;p=5194"},"modified":"2022-04-19T10:55:43","modified_gmt":"2022-04-19T13:55:43","slug":"blanket-manta-de-absorcion-de-hidrocarburos-crunchoil","status":"publish","type":"product","link":"https:\/\/www.serpromin.cl\/store\/producto\/blanket-manta-de-absorcion-de-hidrocarburos-crunchoil\/","title":{"rendered":"Blanket, Manta de Absorci\u00f3n de Hidrocarburos &#8211; CrunchOil"},"content":{"rendered":"<p>Es utilizado para el control de p\u00e9rdidas y fugas de fluidos de m\u00e1quinas y equipos. Posee una cara impermeable que evita que los fluidos atraviesen la almohadilla.<\/p>\n<p>PESO: 5kg.<\/p>\n<p>TAMA\u00d1O: 250x50cm.<\/p>\n<p>ABSORCI\u00d3N (APROX.): 35lt.<\/p>\n","protected":false},"excerpt":{"rendered":"<p>Es utilizado para el control de p\u00e9rdidas y fugas de fluidos de m\u00e1quinas y equipos.<\/p>\n","protected":false},"featured_media":5195,"comment_status":"open","ping_status":"closed","template":"","meta":{"om_disable_all_campaigns":false,"_monsterinsights_skip_tracking":false,"_monsterinsights_sitenote_active":false,"_monsterinsights_sitenote_note":"","_monsterinsights_sitenote_category":0,"_uf_show_specific_survey":0,"_uf_disable_surveys":false},"product_brand":[],"product_cat":[19,111],"product_tag":[],"class_list":{"0":"post-5194","1":"product","2":"type-product","3":"status-publish","4":"has-post-thumbnail","6":"product_cat-aseo-industrial","7":"product_cat-contencion-de-derrames","9":"first","10":"instock","11":"taxable","12":"shipping-taxable","13":"product-type-simple"},"_links":{"self":[{"href":"https:\/\/www.serpromin.cl\/store\/wp-json\/wp\/v2\/product\/5194","targetHints":{"allow":["GET"]}}],"collection":[{"href":"https:\/\/www.serpromin.cl\/store\/wp-json\/wp\/v2\/product"}],"about":[{"href":"https:\/\/www.serpromin.cl\/store\/wp-json\/wp\/v2\/types\/product"}],"replies":[{"embeddable":true,"href":"https:\/\/www.serpromin.cl\/store\/wp-json\/wp\/v2\/comments?post=5194"}],"wp:featuredmedia":[{"embeddable":true,"href":"https:\/\/www.serpromin.cl\/store\/wp-json\/wp\/v2\/media\/5195"}],"wp:attachment":[{"href":"https:\/\/www.serpromin.cl\/store\/wp-json\/wp\/v2\/media?parent=5194"}],"wp:term":[{"taxonomy":"product_brand","embeddable":true,"href":"https:\/\/www.serpromin.cl\/store\/wp-json\/wp\/v2\/product_brand?post=5194"},{"taxonomy":"product_cat","embeddable":true,"href":"https:\/\/www.serpromin.cl\/store\/wp-json\/wp\/v2\/product_cat?post=5194"},{"taxonomy":"product_tag","embeddable":true,"href":"https:\/\/www.serpromin.cl\/store\/wp-json\/wp\/v2\/product_tag?post=5194"}],"curies":[{"name":"wp","href":"https:\/\/api.w.org\/{rel}","templated":true}]}}