{"id":5141,"date":"2021-01-12T17:43:58","date_gmt":"2021-01-12T20:43:58","guid":{"rendered":"https:\/\/www.serpromin.cl\/store\/?post_type=product&#038;p=5141"},"modified":"2022-08-17T17:19:16","modified_gmt":"2022-08-17T20:19:16","slug":"calzado-de-seguridad-gran-capitan-alaska","status":"publish","type":"product","link":"https:\/\/www.serpromin.cl\/store\/producto\/calzado-de-seguridad-gran-capitan-alaska\/","title":{"rendered":"Calzado de Seguridad Gran Capitan ALASKA"},"content":{"rendered":"<p>Calzado de Seguridad Anticlavo Gran Capit\u00e1n Alaska , fabricado en cuero estampado color negro. Entresuela de poliuretano de baja densidad y buen aislamiento t\u00e9rmico. Planta de Poliuretano de alta densidad, aislante el\u00e9ctrico y resistente a los hidrocarburos. Puntera y plantilla antiperforante de acero y pasacordones de policarbonato.<\/p>\n","protected":false},"excerpt":{"rendered":"<p>Calzado de Seguridad Anticlavo Gran Capit\u00e1n Alaska , fabricado en cuero estampado color negro.<\/p>\n","protected":false},"featured_media":6152,"comment_status":"open","ping_status":"closed","template":"","meta":{"om_disable_all_campaigns":false,"_monsterinsights_skip_tracking":false,"_monsterinsights_sitenote_active":false,"_monsterinsights_sitenote_note":"","_monsterinsights_sitenote_category":0,"_uf_show_specific_survey":0,"_uf_disable_surveys":false},"product_brand":[],"product_cat":[16,114],"product_tag":[],"class_list":{"0":"post-5141","1":"product","2":"type-product","3":"status-publish","4":"has-post-thumbnail","6":"product_cat-seguridad-industrial","7":"product_cat-proteccion-de-pies","9":"first","10":"instock","11":"taxable","12":"shipping-taxable","13":"product-type-simple"},"_links":{"self":[{"href":"https:\/\/www.serpromin.cl\/store\/wp-json\/wp\/v2\/product\/5141","targetHints":{"allow":["GET"]}}],"collection":[{"href":"https:\/\/www.serpromin.cl\/store\/wp-json\/wp\/v2\/product"}],"about":[{"href":"https:\/\/www.serpromin.cl\/store\/wp-json\/wp\/v2\/types\/product"}],"replies":[{"embeddable":true,"href":"https:\/\/www.serpromin.cl\/store\/wp-json\/wp\/v2\/comments?post=5141"}],"wp:featuredmedia":[{"embeddable":true,"href":"https:\/\/www.serpromin.cl\/store\/wp-json\/wp\/v2\/media\/6152"}],"wp:attachment":[{"href":"https:\/\/www.serpromin.cl\/store\/wp-json\/wp\/v2\/media?parent=5141"}],"wp:term":[{"taxonomy":"product_brand","embeddable":true,"href":"https:\/\/www.serpromin.cl\/store\/wp-json\/wp\/v2\/product_brand?post=5141"},{"taxonomy":"product_cat","embeddable":true,"href":"https:\/\/www.serpromin.cl\/store\/wp-json\/wp\/v2\/product_cat?post=5141"},{"taxonomy":"product_tag","embeddable":true,"href":"https:\/\/www.serpromin.cl\/store\/wp-json\/wp\/v2\/product_tag?post=5141"}],"curies":[{"name":"wp","href":"https:\/\/api.w.org\/{rel}","templated":true}]}}