{"id":5058,"date":"2020-11-19T11:10:50","date_gmt":"2020-11-19T14:10:50","guid":{"rendered":"https:\/\/www.serpromin.cl\/store\/?post_type=product&#038;p=5058"},"modified":"2022-08-17T15:21:10","modified_gmt":"2022-08-17T18:21:10","slug":"estacion-de-emergencia-y-ambiental-tipo-a","status":"publish","type":"product","link":"https:\/\/www.serpromin.cl\/store\/producto\/estacion-de-emergencia-y-ambiental-tipo-a\/","title":{"rendered":"Estacion de Emergencia y Ambiental Tipo A"},"content":{"rendered":"<p>ESTACI\u00d3N DE EMERGENCIA 1.80 X 1.50<\/p>\n<p>Panel autosustentable de 1.80 x 1.50 con l\u00edneas verdes y blancas de 10 cm, Montado en Atril Tipo A<\/p>\n<p>Incluye:<\/p>\n<p>2 Extintores de 10 Kilos PQS<br \/>\n1 Bocina de Aire<br \/>\n1 Camilla Canasto (Canoa)<br \/>\n1 Kit de Inmovilizaci\u00f3n Con Funda (Tabla Espinal, Inmovilizador Lateral, Collar Cervical, Correas de Sujeci\u00f3n)<br \/>\n1 Una frazada para abrigo con funda<br \/>\n1 Lavaojos Portatil 30 Litros.<br \/>\n1 Kit de contenci\u00f3n de derrame de 60 Litros (Bolso)<\/p>\n","protected":false},"excerpt":{"rendered":"<p>Estaci\u00f3n de emergencia y Ambiental, contiene todos los implementos de una estaci\u00f3n de emergencia y una estaci\u00f3n ambiental, permitiendo asistir una emergencia de primeros auxilios y una emergencia de derrames de hidrocarburos.<\/p>\n","protected":false},"featured_media":6133,"comment_status":"open","ping_status":"closed","template":"","meta":{"om_disable_all_campaigns":false,"_monsterinsights_skip_tracking":false,"_monsterinsights_sitenote_active":false,"_monsterinsights_sitenote_note":"","_monsterinsights_sitenote_category":0,"_uf_show_specific_survey":0,"_uf_disable_surveys":false},"product_brand":[],"product_cat":[16,28],"product_tag":[],"class_list":{"0":"post-5058","1":"product","2":"type-product","3":"status-publish","4":"has-post-thumbnail","6":"product_cat-seguridad-industrial","7":"product_cat-primeros-auxilios-y-rescate","9":"first","10":"instock","11":"taxable","12":"shipping-taxable","13":"product-type-simple"},"_links":{"self":[{"href":"https:\/\/www.serpromin.cl\/store\/wp-json\/wp\/v2\/product\/5058","targetHints":{"allow":["GET"]}}],"collection":[{"href":"https:\/\/www.serpromin.cl\/store\/wp-json\/wp\/v2\/product"}],"about":[{"href":"https:\/\/www.serpromin.cl\/store\/wp-json\/wp\/v2\/types\/product"}],"replies":[{"embeddable":true,"href":"https:\/\/www.serpromin.cl\/store\/wp-json\/wp\/v2\/comments?post=5058"}],"wp:featuredmedia":[{"embeddable":true,"href":"https:\/\/www.serpromin.cl\/store\/wp-json\/wp\/v2\/media\/6133"}],"wp:attachment":[{"href":"https:\/\/www.serpromin.cl\/store\/wp-json\/wp\/v2\/media?parent=5058"}],"wp:term":[{"taxonomy":"product_brand","embeddable":true,"href":"https:\/\/www.serpromin.cl\/store\/wp-json\/wp\/v2\/product_brand?post=5058"},{"taxonomy":"product_cat","embeddable":true,"href":"https:\/\/www.serpromin.cl\/store\/wp-json\/wp\/v2\/product_cat?post=5058"},{"taxonomy":"product_tag","embeddable":true,"href":"https:\/\/www.serpromin.cl\/store\/wp-json\/wp\/v2\/product_tag?post=5058"}],"curies":[{"name":"wp","href":"https:\/\/api.w.org\/{rel}","templated":true}]}}