{"id":5036,"date":"2020-11-18T19:23:04","date_gmt":"2020-11-18T22:23:04","guid":{"rendered":"https:\/\/www.serpromin.cl\/store\/?post_type=product&#038;p=5036"},"modified":"2022-04-19T10:57:19","modified_gmt":"2022-04-19T13:57:19","slug":"overol-antiacido-con-cinta","status":"publish","type":"product","link":"https:\/\/www.serpromin.cl\/store\/producto\/overol-antiacido-con-cinta\/","title":{"rendered":"Overol Anti\u00e1cido Con Cinta"},"content":{"rendered":"<p>Su tela anti\u00e1cida sirve para proteger el cuerpo de la acci\u00f3n corrosiva de los \u00e1cidos y de otros productos qu\u00edmicos. Fuelle en la espalda de la camisa para mayor confortabilidad y libertad del movimiento.<br \/>\nCintura elasticada. Amplios bolsillos. Posee cintas reflectivas anti\u00e1cidas en la espalda y en la parte inferior del overol.<br \/>\n100% Poliester<\/p>\n","protected":false},"excerpt":{"rendered":"<p>Su tela anti\u00e1cida sirve para proteger el cuerpo de la acci\u00f3n corrosiva de los \u00e1cidos y de otros productos qu\u00edmicos. Fuelle en la espalda de la camisa para mayor confortabilidad y libertad del movimiento.<\/p>\n","protected":false},"featured_media":5037,"comment_status":"open","ping_status":"closed","template":"","meta":{"om_disable_all_campaigns":false,"_monsterinsights_skip_tracking":false,"_monsterinsights_sitenote_active":false,"_monsterinsights_sitenote_note":"","_monsterinsights_sitenote_category":0,"_uf_show_specific_survey":0,"_uf_disable_surveys":false},"product_brand":[],"product_cat":[107,18],"product_tag":[],"class_list":{"0":"post-5036","1":"product","2":"type-product","3":"status-publish","4":"has-post-thumbnail","6":"product_cat-ropa-antiacida","7":"product_cat-ropa-de-trabajo","9":"first","10":"instock","11":"taxable","12":"shipping-taxable","13":"product-type-simple"},"_links":{"self":[{"href":"https:\/\/www.serpromin.cl\/store\/wp-json\/wp\/v2\/product\/5036","targetHints":{"allow":["GET"]}}],"collection":[{"href":"https:\/\/www.serpromin.cl\/store\/wp-json\/wp\/v2\/product"}],"about":[{"href":"https:\/\/www.serpromin.cl\/store\/wp-json\/wp\/v2\/types\/product"}],"replies":[{"embeddable":true,"href":"https:\/\/www.serpromin.cl\/store\/wp-json\/wp\/v2\/comments?post=5036"}],"wp:featuredmedia":[{"embeddable":true,"href":"https:\/\/www.serpromin.cl\/store\/wp-json\/wp\/v2\/media\/5037"}],"wp:attachment":[{"href":"https:\/\/www.serpromin.cl\/store\/wp-json\/wp\/v2\/media?parent=5036"}],"wp:term":[{"taxonomy":"product_brand","embeddable":true,"href":"https:\/\/www.serpromin.cl\/store\/wp-json\/wp\/v2\/product_brand?post=5036"},{"taxonomy":"product_cat","embeddable":true,"href":"https:\/\/www.serpromin.cl\/store\/wp-json\/wp\/v2\/product_cat?post=5036"},{"taxonomy":"product_tag","embeddable":true,"href":"https:\/\/www.serpromin.cl\/store\/wp-json\/wp\/v2\/product_tag?post=5036"}],"curies":[{"name":"wp","href":"https:\/\/api.w.org\/{rel}","templated":true}]}}