{"id":5020,"date":"2020-11-18T17:37:48","date_gmt":"2020-11-18T20:37:48","guid":{"rendered":"https:\/\/www.serpromin.cl\/store\/?post_type=product&#038;p=5020"},"modified":"2022-04-19T10:55:43","modified_gmt":"2022-04-19T13:55:43","slug":"bodega-de-almacenamiento-suspel-o-respel","status":"publish","type":"product","link":"https:\/\/www.serpromin.cl\/store\/producto\/bodega-de-almacenamiento-suspel-o-respel\/","title":{"rendered":"Bodega de Almacenamiento Suspel o Respel"},"content":{"rendered":"<p>Nuestras bodegas est\u00e1n dise\u00f1adas y construidas, Para cumplir con la normativa vigente de almacenamiento de Residuos Peligrosos y Sustancias peligrosas (RESPEL o SUSPEL).<\/p>\n<p>Cumple a cabalidad con la normativa de salud y medio ambiental estipulada por el Ministerio de Salud en los decretos DS148 y DS594. <\/p>\n<p>La Bodega tiene un uso orientado a la gran miner\u00eda y a los trabajos de industria. Incluye kit antiderrame, porta kit, extintor, porta hoja de seguridad, adem\u00e1s de todas las se\u00f1alizaciones de residuos, inflamables, corrosivas e informaci\u00f3n dispuestas por la Norma Chilena NCh 2.190 Of 93.<\/p>\n<p>La bodega de almacenamiento para residuos tiene dimensiones de: 1,6 metros de frente, 0,8 metros de fondo y 1,8 metros de alto. Superficie construida 1,2 m2, la cual como se menciona anteriormente, es utilizada para almacenar 2 tambores de 220 litros. Tambi\u00e9n posee una bandeja de autocontenci\u00f3n para mantener 274 litros en caso de derrame. A la vez posee una v\u00e1lvula para extracci\u00f3n segura.<\/p>\n<p>Existen bodegas desde 2 tambores y mas.<\/p>\n<p>Puedes agregar otros productos como Ducha De Emergencia Lavaojos, Ducha de Emergencia con Cabina, Lavaojos De Emergencia Port\u00e1til para mejorar el equipo t\u00e9cnico de seguridad industrial,  sistema anti vuelvo y antiderrame e Instalaci\u00f3n El\u00e9ctrica Antiexplosiva con tablero de Control.<\/p>\n<p>Conoce m\u00e1s sobre la resistencia de una bodega de almacenamiento para productos t\u00f3xicos, inflamables, explosivos, sustancias o residuos peligrosos pinchando aqu\u00ed<\/p>\n<p>A\u00fan m\u00e1s, por la compra de cualquier Bodega para Residuos Peligrosos o Sustancias Peligrosas incluimos totalmente gratis:<\/p>\n<p>\u2611\ufe0fEstudio de Densidad de Carga Combustible<br \/>\n\u2611\ufe0fDetector de humo<br \/>\n\u2611\ufe0f1 Extintor port\u00e1til<br \/>\n\u2611\ufe0fKit anti-derrame<\/p>\n<p>Consulte Otros Modelos.<\/p>\n","protected":false},"excerpt":{"rendered":"<p>Este modelo de bodega fue dise\u00f1ada y construida para cumplir la normativa vigente de almacenamiento de Residuos Peligrosos (RESPEL).<\/p>\n","protected":false},"featured_media":5021,"comment_status":"open","ping_status":"closed","template":"","meta":{"om_disable_all_campaigns":false,"_monsterinsights_skip_tracking":false,"_monsterinsights_sitenote_active":false,"_monsterinsights_sitenote_note":"","_monsterinsights_sitenote_category":0,"_uf_show_specific_survey":0,"_uf_disable_surveys":false},"product_brand":[],"product_cat":[19,112],"product_tag":[],"class_list":{"0":"post-5020","1":"product","2":"type-product","3":"status-publish","4":"has-post-thumbnail","6":"product_cat-aseo-industrial","7":"product_cat-almacenamiento","9":"first","10":"instock","11":"taxable","12":"shipping-taxable","13":"product-type-simple"},"_links":{"self":[{"href":"https:\/\/www.serpromin.cl\/store\/wp-json\/wp\/v2\/product\/5020","targetHints":{"allow":["GET"]}}],"collection":[{"href":"https:\/\/www.serpromin.cl\/store\/wp-json\/wp\/v2\/product"}],"about":[{"href":"https:\/\/www.serpromin.cl\/store\/wp-json\/wp\/v2\/types\/product"}],"replies":[{"embeddable":true,"href":"https:\/\/www.serpromin.cl\/store\/wp-json\/wp\/v2\/comments?post=5020"}],"wp:featuredmedia":[{"embeddable":true,"href":"https:\/\/www.serpromin.cl\/store\/wp-json\/wp\/v2\/media\/5021"}],"wp:attachment":[{"href":"https:\/\/www.serpromin.cl\/store\/wp-json\/wp\/v2\/media?parent=5020"}],"wp:term":[{"taxonomy":"product_brand","embeddable":true,"href":"https:\/\/www.serpromin.cl\/store\/wp-json\/wp\/v2\/product_brand?post=5020"},{"taxonomy":"product_cat","embeddable":true,"href":"https:\/\/www.serpromin.cl\/store\/wp-json\/wp\/v2\/product_cat?post=5020"},{"taxonomy":"product_tag","embeddable":true,"href":"https:\/\/www.serpromin.cl\/store\/wp-json\/wp\/v2\/product_tag?post=5020"}],"curies":[{"name":"wp","href":"https:\/\/api.w.org\/{rel}","templated":true}]}}