{"id":4889,"date":"2020-10-29T15:39:11","date_gmt":"2020-10-29T18:39:11","guid":{"rendered":"https:\/\/www.serpromin.cl\/store\/?post_type=product&#038;p=4889"},"modified":"2022-04-19T10:54:27","modified_gmt":"2022-04-19T13:54:27","slug":"anenometro-8f-resistor","status":"publish","type":"product","link":"https:\/\/www.serpromin.cl\/store\/producto\/anenometro-8f-resistor\/","title":{"rendered":"Anenometro 8F Resistor"},"content":{"rendered":"<p>Anem\u00f3metro 8f Resistor, Medidor de viento port\u00e1til.<\/p>\n<p>FUNCIONES:<br \/>\n1 &#8211; Medici\u00f3n de la velocidad del viento.<br \/>\n2 &#8211; Medici\u00f3n de la temperatura.<br \/>\n3 &#8211; Medici\u00f3n de la humedad.<br \/>\n4 &#8211; Sensaci\u00f3n de fr\u00edo.<br \/>\n5 &#8211; Sensaci\u00f3n t\u00e9rmica.<br \/>\n6 &#8211; Punto de rocio<br \/>\n7 &#8211; Presi\u00f3n barom\u00e9trica<br \/>\n8 &#8211; Altitud (absoluta y relativa).<\/p>\n<p>Brillo de pantalla adaptado para visi\u00f3n diurna y nocturna.<br \/>\nIncluye cord\u00f3n y estuche para cintur\u00f3n.<\/p>\n<p>Certificaciones<\/p>\n<p>EN 61326-1:2013<br \/>\nEN 61326-2-2:2013<br \/>\nIEC 62321:2008<br \/>\nIEC 62321:2013<\/p>\n","protected":false},"excerpt":{"rendered":"<p>Anem\u00f3metro 8f Resistor, Mide: velocidad de viento, temperatura, humedad, sensaci\u00f3n t\u00e9rmica, punto de roc\u00edo, presi\u00f3n barom\u00e9trica, y altitud absoluta y relativa.<br \/>\nCertificaci\u00f3n Internacional.<\/p>\n","protected":false},"featured_media":4891,"comment_status":"open","ping_status":"closed","template":"","meta":{"om_disable_all_campaigns":false,"_monsterinsights_skip_tracking":false,"_monsterinsights_sitenote_active":false,"_monsterinsights_sitenote_note":"","_monsterinsights_sitenote_category":0,"_uf_show_specific_survey":0,"_uf_disable_surveys":false},"product_brand":[],"product_cat":[173,20],"product_tag":[],"class_list":{"0":"post-4889","1":"product","2":"type-product","3":"status-publish","4":"has-post-thumbnail","6":"product_cat-equipos-de-medicion-y-testeo","7":"product_cat-maquinaria-y-equipos","9":"first","10":"instock","11":"taxable","12":"shipping-taxable","13":"product-type-simple"},"_links":{"self":[{"href":"https:\/\/www.serpromin.cl\/store\/wp-json\/wp\/v2\/product\/4889","targetHints":{"allow":["GET"]}}],"collection":[{"href":"https:\/\/www.serpromin.cl\/store\/wp-json\/wp\/v2\/product"}],"about":[{"href":"https:\/\/www.serpromin.cl\/store\/wp-json\/wp\/v2\/types\/product"}],"replies":[{"embeddable":true,"href":"https:\/\/www.serpromin.cl\/store\/wp-json\/wp\/v2\/comments?post=4889"}],"wp:featuredmedia":[{"embeddable":true,"href":"https:\/\/www.serpromin.cl\/store\/wp-json\/wp\/v2\/media\/4891"}],"wp:attachment":[{"href":"https:\/\/www.serpromin.cl\/store\/wp-json\/wp\/v2\/media?parent=4889"}],"wp:term":[{"taxonomy":"product_brand","embeddable":true,"href":"https:\/\/www.serpromin.cl\/store\/wp-json\/wp\/v2\/product_brand?post=4889"},{"taxonomy":"product_cat","embeddable":true,"href":"https:\/\/www.serpromin.cl\/store\/wp-json\/wp\/v2\/product_cat?post=4889"},{"taxonomy":"product_tag","embeddable":true,"href":"https:\/\/www.serpromin.cl\/store\/wp-json\/wp\/v2\/product_tag?post=4889"}],"curies":[{"name":"wp","href":"https:\/\/api.w.org\/{rel}","templated":true}]}}