{"id":4865,"date":"2020-10-11T22:55:11","date_gmt":"2020-10-12T01:55:11","guid":{"rendered":"https:\/\/www.serpromin.cl\/store\/?post_type=product&#038;p=4865"},"modified":"2022-04-19T10:57:30","modified_gmt":"2022-04-19T13:57:30","slug":"porta-cuna-metalico-5-toneladas","status":"publish","type":"product","link":"https:\/\/www.serpromin.cl\/store\/producto\/porta-cuna-metalico-5-toneladas\/","title":{"rendered":"Porta Cu\u00f1a Metalico 5 Toneladas"},"content":{"rendered":"<p>Porta cu\u00f1a para cu\u00f1a de 5 toneladas, fabricado en platina.<\/p>\n","protected":false},"excerpt":{"rendered":"<p>Porta cu\u00f1a para cu\u00f1a de 5 toneladas, fabricado en platina.<\/p>\n","protected":false},"featured_media":4866,"comment_status":"open","ping_status":"closed","template":"","meta":{"om_disable_all_campaigns":false,"_monsterinsights_skip_tracking":false,"_monsterinsights_sitenote_active":false,"_monsterinsights_sitenote_note":"","_monsterinsights_sitenote_category":0,"_uf_show_specific_survey":0,"_uf_disable_surveys":false},"product_brand":[],"product_cat":[17,101],"product_tag":[],"class_list":{"0":"post-4865","1":"product","2":"type-product","3":"status-publish","4":"has-post-thumbnail","6":"product_cat-seguridad-vial","7":"product_cat-equipamiento-de-vehiculos","9":"first","10":"instock","11":"taxable","12":"shipping-taxable","13":"product-type-simple"},"_links":{"self":[{"href":"https:\/\/www.serpromin.cl\/store\/wp-json\/wp\/v2\/product\/4865","targetHints":{"allow":["GET"]}}],"collection":[{"href":"https:\/\/www.serpromin.cl\/store\/wp-json\/wp\/v2\/product"}],"about":[{"href":"https:\/\/www.serpromin.cl\/store\/wp-json\/wp\/v2\/types\/product"}],"replies":[{"embeddable":true,"href":"https:\/\/www.serpromin.cl\/store\/wp-json\/wp\/v2\/comments?post=4865"}],"wp:featuredmedia":[{"embeddable":true,"href":"https:\/\/www.serpromin.cl\/store\/wp-json\/wp\/v2\/media\/4866"}],"wp:attachment":[{"href":"https:\/\/www.serpromin.cl\/store\/wp-json\/wp\/v2\/media?parent=4865"}],"wp:term":[{"taxonomy":"product_brand","embeddable":true,"href":"https:\/\/www.serpromin.cl\/store\/wp-json\/wp\/v2\/product_brand?post=4865"},{"taxonomy":"product_cat","embeddable":true,"href":"https:\/\/www.serpromin.cl\/store\/wp-json\/wp\/v2\/product_cat?post=4865"},{"taxonomy":"product_tag","embeddable":true,"href":"https:\/\/www.serpromin.cl\/store\/wp-json\/wp\/v2\/product_tag?post=4865"}],"curies":[{"name":"wp","href":"https:\/\/api.w.org\/{rel}","templated":true}]}}