{"id":4855,"date":"2020-10-11T22:45:32","date_gmt":"2020-10-12T01:45:32","guid":{"rendered":"https:\/\/www.serpromin.cl\/store\/?post_type=product&#038;p=4855"},"modified":"2022-04-19T10:56:28","modified_gmt":"2022-04-19T13:56:28","slug":"cuna-5-toneladas","status":"publish","type":"product","link":"https:\/\/www.serpromin.cl\/store\/producto\/cuna-5-toneladas\/","title":{"rendered":"Cu\u00f1a 5 Toneladas"},"content":{"rendered":"<p>Cu\u00f1a de Poliuretano de color altamente visible, dise\u00f1ada para camionetas de servicio minero, certificada por Cesmec.<br \/>\nPoliuretano, 0.9 Kilos.<\/p>\n","protected":false},"excerpt":{"rendered":"<p>Cu\u00f1a de Poliuretano de color altamente visible.<\/p>\n","protected":false},"featured_media":4856,"comment_status":"open","ping_status":"closed","template":"","meta":{"om_disable_all_campaigns":false,"_monsterinsights_skip_tracking":false,"_monsterinsights_sitenote_active":false,"_monsterinsights_sitenote_note":"","_monsterinsights_sitenote_category":0,"_uf_show_specific_survey":0,"_uf_disable_surveys":false},"product_brand":[],"product_cat":[17,101],"product_tag":[],"class_list":{"0":"post-4855","1":"product","2":"type-product","3":"status-publish","4":"has-post-thumbnail","6":"product_cat-seguridad-vial","7":"product_cat-equipamiento-de-vehiculos","9":"first","10":"instock","11":"taxable","12":"shipping-taxable","13":"product-type-simple"},"_links":{"self":[{"href":"https:\/\/www.serpromin.cl\/store\/wp-json\/wp\/v2\/product\/4855","targetHints":{"allow":["GET"]}}],"collection":[{"href":"https:\/\/www.serpromin.cl\/store\/wp-json\/wp\/v2\/product"}],"about":[{"href":"https:\/\/www.serpromin.cl\/store\/wp-json\/wp\/v2\/types\/product"}],"replies":[{"embeddable":true,"href":"https:\/\/www.serpromin.cl\/store\/wp-json\/wp\/v2\/comments?post=4855"}],"wp:featuredmedia":[{"embeddable":true,"href":"https:\/\/www.serpromin.cl\/store\/wp-json\/wp\/v2\/media\/4856"}],"wp:attachment":[{"href":"https:\/\/www.serpromin.cl\/store\/wp-json\/wp\/v2\/media?parent=4855"}],"wp:term":[{"taxonomy":"product_brand","embeddable":true,"href":"https:\/\/www.serpromin.cl\/store\/wp-json\/wp\/v2\/product_brand?post=4855"},{"taxonomy":"product_cat","embeddable":true,"href":"https:\/\/www.serpromin.cl\/store\/wp-json\/wp\/v2\/product_cat?post=4855"},{"taxonomy":"product_tag","embeddable":true,"href":"https:\/\/www.serpromin.cl\/store\/wp-json\/wp\/v2\/product_tag?post=4855"}],"curies":[{"name":"wp","href":"https:\/\/api.w.org\/{rel}","templated":true}]}}