{"id":4852,"date":"2020-10-11T22:40:00","date_gmt":"2020-10-12T01:40:00","guid":{"rendered":"https:\/\/www.serpromin.cl\/store\/?post_type=product&#038;p=4852"},"modified":"2022-04-19T10:56:28","modified_gmt":"2022-04-19T13:56:28","slug":"cuna-45-toneladas","status":"publish","type":"product","link":"https:\/\/www.serpromin.cl\/store\/producto\/cuna-45-toneladas\/","title":{"rendered":"Cu\u00f1a 45 Toneladas"},"content":{"rendered":"<p>Dise\u00f1ada para camiones o Gr\u00faas hasta 45 toneladas de color amarillo altamente visible. Posee superficie texturada tipo diamantado que permite un mejor agarre del neum\u00e1tico, certificada por Cesmec.<\/p>\n","protected":false},"excerpt":{"rendered":"<p>Dise\u00f1ada para camiones o Gr\u00faas hasta 45 toneladas de color amarillo altamente visible.<\/p>\n","protected":false},"featured_media":4853,"comment_status":"open","ping_status":"closed","template":"","meta":{"om_disable_all_campaigns":false,"_monsterinsights_skip_tracking":false,"_monsterinsights_sitenote_active":false,"_monsterinsights_sitenote_note":"","_monsterinsights_sitenote_category":0,"_uf_show_specific_survey":0,"_uf_disable_surveys":false},"product_brand":[],"product_cat":[17,101],"product_tag":[],"class_list":{"0":"post-4852","1":"product","2":"type-product","3":"status-publish","4":"has-post-thumbnail","6":"product_cat-seguridad-vial","7":"product_cat-equipamiento-de-vehiculos","9":"first","10":"instock","11":"taxable","12":"shipping-taxable","13":"product-type-simple"},"_links":{"self":[{"href":"https:\/\/www.serpromin.cl\/store\/wp-json\/wp\/v2\/product\/4852","targetHints":{"allow":["GET"]}}],"collection":[{"href":"https:\/\/www.serpromin.cl\/store\/wp-json\/wp\/v2\/product"}],"about":[{"href":"https:\/\/www.serpromin.cl\/store\/wp-json\/wp\/v2\/types\/product"}],"replies":[{"embeddable":true,"href":"https:\/\/www.serpromin.cl\/store\/wp-json\/wp\/v2\/comments?post=4852"}],"wp:featuredmedia":[{"embeddable":true,"href":"https:\/\/www.serpromin.cl\/store\/wp-json\/wp\/v2\/media\/4853"}],"wp:attachment":[{"href":"https:\/\/www.serpromin.cl\/store\/wp-json\/wp\/v2\/media?parent=4852"}],"wp:term":[{"taxonomy":"product_brand","embeddable":true,"href":"https:\/\/www.serpromin.cl\/store\/wp-json\/wp\/v2\/product_brand?post=4852"},{"taxonomy":"product_cat","embeddable":true,"href":"https:\/\/www.serpromin.cl\/store\/wp-json\/wp\/v2\/product_cat?post=4852"},{"taxonomy":"product_tag","embeddable":true,"href":"https:\/\/www.serpromin.cl\/store\/wp-json\/wp\/v2\/product_tag?post=4852"}],"curies":[{"name":"wp","href":"https:\/\/api.w.org\/{rel}","templated":true}]}}