{"id":4831,"date":"2020-10-11T21:07:35","date_gmt":"2020-10-12T00:07:35","guid":{"rendered":"https:\/\/www.serpromin.cl\/store\/?post_type=product&#038;p=4831"},"modified":"2022-04-19T10:56:15","modified_gmt":"2022-04-19T13:56:15","slug":"cono-de-senalizacion-vial-verde-limon-28-pulgadas","status":"publish","type":"product","link":"https:\/\/www.serpromin.cl\/store\/producto\/cono-de-senalizacion-vial-verde-limon-28-pulgadas\/","title":{"rendered":"Cono de Se\u00f1alizacion Vial Verde Lim\u00f3n 28 Pulgadas"},"content":{"rendered":"<p>Sus principales caracter\u00edsticas son su flexibilidad, resistencia a rayos UV, y flexibilidad.<br \/>\nSe usa principalmente como se\u00f1alizaci\u00f3n de tr\u00e1nsito delimitando el flujo vehicular.<\/p>\n<p>Materiales: PVC Flexible<br \/>\nDimensiones: 28\u201d (71,12 cm)<br \/>\nBase: 36cm x 36cm<\/p>\n","protected":false},"excerpt":{"rendered":"<p>Sus principales caracter\u00edsticas son su flexibilidad, resistencia a rayos UV, y flexibilidad.<\/p>\n","protected":false},"featured_media":4832,"comment_status":"open","ping_status":"closed","template":"","meta":{"om_disable_all_campaigns":false,"_monsterinsights_skip_tracking":false,"_monsterinsights_sitenote_active":false,"_monsterinsights_sitenote_note":"","_monsterinsights_sitenote_category":0,"_uf_show_specific_survey":0,"_uf_disable_surveys":false},"product_brand":[],"product_cat":[17,99],"product_tag":[148,151,150,149],"class_list":{"0":"post-4831","1":"product","2":"type-product","3":"status-publish","4":"has-post-thumbnail","6":"product_cat-seguridad-vial","7":"product_cat-barreras-y-conos","8":"product_tag-cono-de-seguridad","9":"product_tag-cono-de-senalizacion","10":"product_tag-cono-doble-cinta","11":"product_tag-cono-vial","13":"first","14":"instock","15":"taxable","16":"shipping-taxable","17":"product-type-simple"},"_links":{"self":[{"href":"https:\/\/www.serpromin.cl\/store\/wp-json\/wp\/v2\/product\/4831","targetHints":{"allow":["GET"]}}],"collection":[{"href":"https:\/\/www.serpromin.cl\/store\/wp-json\/wp\/v2\/product"}],"about":[{"href":"https:\/\/www.serpromin.cl\/store\/wp-json\/wp\/v2\/types\/product"}],"replies":[{"embeddable":true,"href":"https:\/\/www.serpromin.cl\/store\/wp-json\/wp\/v2\/comments?post=4831"}],"wp:featuredmedia":[{"embeddable":true,"href":"https:\/\/www.serpromin.cl\/store\/wp-json\/wp\/v2\/media\/4832"}],"wp:attachment":[{"href":"https:\/\/www.serpromin.cl\/store\/wp-json\/wp\/v2\/media?parent=4831"}],"wp:term":[{"taxonomy":"product_brand","embeddable":true,"href":"https:\/\/www.serpromin.cl\/store\/wp-json\/wp\/v2\/product_brand?post=4831"},{"taxonomy":"product_cat","embeddable":true,"href":"https:\/\/www.serpromin.cl\/store\/wp-json\/wp\/v2\/product_cat?post=4831"},{"taxonomy":"product_tag","embeddable":true,"href":"https:\/\/www.serpromin.cl\/store\/wp-json\/wp\/v2\/product_tag?post=4831"}],"curies":[{"name":"wp","href":"https:\/\/api.w.org\/{rel}","templated":true}]}}