{"id":4802,"date":"2020-10-11T13:05:59","date_gmt":"2020-10-11T16:05:59","guid":{"rendered":"https:\/\/www.serpromin.cl\/store\/?post_type=product&#038;p=4802"},"modified":"2022-04-19T10:57:19","modified_gmt":"2022-04-19T13:57:19","slug":"paleta-de-senalizacion-pare-y-siga-21-cm","status":"publish","type":"product","link":"https:\/\/www.serpromin.cl\/store\/producto\/paleta-de-senalizacion-pare-y-siga-21-cm\/","title":{"rendered":"Paleta de Se\u00f1alizacion Pare y Siga 21 CM"},"content":{"rendered":"<p>Paleta de se\u00f1alizaci\u00f3n vial por ambos lados, pare y siga.<br \/>\nColor rojo y verde respectivamente.<br \/>\nDi\u00e1metro: 21 cm.<br \/>\nMango: 10 cm.<\/p>\n","protected":false},"excerpt":{"rendered":"<p>Paleta de se\u00f1alizaci\u00f3n vial por ambos lados, pare y siga.<br \/>\nColor rojo y verde respectivamente.<\/p>\n","protected":false},"featured_media":4803,"comment_status":"open","ping_status":"closed","template":"","meta":{"om_disable_all_campaigns":false,"_monsterinsights_skip_tracking":false,"_monsterinsights_sitenote_active":false,"_monsterinsights_sitenote_note":"","_monsterinsights_sitenote_category":0,"_uf_show_specific_survey":0,"_uf_disable_surveys":false},"product_brand":[],"product_cat":[17,100],"product_tag":[152,153,157,154,156,155],"class_list":{"0":"post-4802","1":"product","2":"type-product","3":"status-publish","4":"has-post-thumbnail","6":"product_cat-seguridad-vial","7":"product_cat-alerta-y-senalizacion","8":"product_tag-paleta","9":"product_tag-paleta-de-senalizacion","10":"product_tag-paleta-pare-y-siga","11":"product_tag-pare","12":"product_tag-pare-y-siga","13":"product_tag-siga","15":"first","16":"instock","17":"taxable","18":"shipping-taxable","19":"product-type-simple"},"_links":{"self":[{"href":"https:\/\/www.serpromin.cl\/store\/wp-json\/wp\/v2\/product\/4802","targetHints":{"allow":["GET"]}}],"collection":[{"href":"https:\/\/www.serpromin.cl\/store\/wp-json\/wp\/v2\/product"}],"about":[{"href":"https:\/\/www.serpromin.cl\/store\/wp-json\/wp\/v2\/types\/product"}],"replies":[{"embeddable":true,"href":"https:\/\/www.serpromin.cl\/store\/wp-json\/wp\/v2\/comments?post=4802"}],"wp:featuredmedia":[{"embeddable":true,"href":"https:\/\/www.serpromin.cl\/store\/wp-json\/wp\/v2\/media\/4803"}],"wp:attachment":[{"href":"https:\/\/www.serpromin.cl\/store\/wp-json\/wp\/v2\/media?parent=4802"}],"wp:term":[{"taxonomy":"product_brand","embeddable":true,"href":"https:\/\/www.serpromin.cl\/store\/wp-json\/wp\/v2\/product_brand?post=4802"},{"taxonomy":"product_cat","embeddable":true,"href":"https:\/\/www.serpromin.cl\/store\/wp-json\/wp\/v2\/product_cat?post=4802"},{"taxonomy":"product_tag","embeddable":true,"href":"https:\/\/www.serpromin.cl\/store\/wp-json\/wp\/v2\/product_tag?post=4802"}],"curies":[{"name":"wp","href":"https:\/\/api.w.org\/{rel}","templated":true}]}}