{"id":3376,"date":"2014-07-24T03:34:24","date_gmt":"2014-07-24T06:34:24","guid":{"rendered":"http:\/\/demo2.wpdance.com\/oswadmarket_sample\/?product=default-simple-product-31"},"modified":"2022-09-26T11:12:44","modified_gmt":"2022-09-26T14:12:44","slug":"pantalla-de-proteccion-vizir-petzl","status":"publish","type":"product","link":"https:\/\/www.serpromin.cl\/store\/producto\/pantalla-de-proteccion-vizir-petzl\/","title":{"rendered":"Pantalla de Protecci\u00f3n Vizir PETZL"},"content":{"rendered":"<p>Pantalla de protecci\u00f3n con sistema EASYCLIP para los cascos VERTEX y STRATO<\/p>\n<p>La pantalla VIZIR asegura la protecci\u00f3n de los ojos contra los riesgos de salpicaduras. Se instala f\u00e1cilmente en los cascos VERTEX y STRATO, gracias al sistema de fijaci\u00f3n EASYCLIP. Tiene tratamientos antirayadas y antiempa\u00f1amiento.<\/p>\n<p>Protecci\u00f3n de los ojos contra los riesgos de salpicaduras:<br \/>\n&#8211; Pantalla transparente.<br \/>\n&#8211; Tratamiento antirayadas y antiempa\u00f1amiento.<br \/>\n&#8211; Permite llevar lentes.<br \/>\nCompatible con los cascos VERTEX (1) y los cascos STRATO:<br \/>\n&#8211; Instalaci\u00f3n f\u00e1cil y r\u00e1pida, gracias al sistema de fijaci\u00f3n EASYCLIP incluido.<br \/>\n&#8211; Paso r\u00e1pido de la posici\u00f3n \u00abtrabajo\u00bb a \u00abguardado\u00bb en la parte superior del casco haciendo pivotar la pantalla.<br \/>\n&#8211; Permite integrar una linterna frontal Petzl cuando la linterna est\u00e1 montada en las ranuras de fijaci\u00f3n delantera y trasera.<br \/>\n&#8211; Compatible con la protecci\u00f3n para VIZIR y VIZIR SHADOW.<\/p>\n<p>(1) Versiones a partir del 2019.<br \/>\nCaracter\u00edsticas:<\/p>\n<p>Peso: 80 gramos.<br \/>\nMateriales: policarbonato.<br \/>\nCertificaciones: CE EN 166, 1BT, ANSI Z87.1, EAC.<\/p>\n","protected":false},"excerpt":{"rendered":"<p>Pantalla de protecci\u00f3n con sistema EASYCLIP para los cascos VERTEX y STRATO<\/p>\n","protected":false},"featured_media":4756,"comment_status":"open","ping_status":"closed","template":"","meta":{"om_disable_all_campaigns":false,"_monsterinsights_skip_tracking":false,"_monsterinsights_sitenote_active":false,"_monsterinsights_sitenote_note":"","_monsterinsights_sitenote_category":0,"_uf_show_specific_survey":0,"_uf_disable_surveys":false},"product_brand":[],"product_cat":[16,22,26,27],"product_tag":[126,127,123,124,125,122],"class_list":{"0":"post-3376","1":"product","2":"type-product","3":"status-publish","4":"has-post-thumbnail","6":"product_cat-seguridad-industrial","7":"product_cat-proteccion-visual","8":"product_cat-trabajo-en-altura","9":"product_cat-trabajo-en-espacios-confinados","10":"product_tag-casco","11":"product_tag-casco-de-seguridad","12":"product_tag-pantalla","13":"product_tag-pantalla-de-proteccion","14":"product_tag-proteccion-de-ojos","15":"product_tag-proteccion-visual","17":"first","18":"instock","19":"taxable","20":"shipping-taxable","21":"product-type-simple"},"_links":{"self":[{"href":"https:\/\/www.serpromin.cl\/store\/wp-json\/wp\/v2\/product\/3376","targetHints":{"allow":["GET"]}}],"collection":[{"href":"https:\/\/www.serpromin.cl\/store\/wp-json\/wp\/v2\/product"}],"about":[{"href":"https:\/\/www.serpromin.cl\/store\/wp-json\/wp\/v2\/types\/product"}],"replies":[{"embeddable":true,"href":"https:\/\/www.serpromin.cl\/store\/wp-json\/wp\/v2\/comments?post=3376"}],"wp:featuredmedia":[{"embeddable":true,"href":"https:\/\/www.serpromin.cl\/store\/wp-json\/wp\/v2\/media\/4756"}],"wp:attachment":[{"href":"https:\/\/www.serpromin.cl\/store\/wp-json\/wp\/v2\/media?parent=3376"}],"wp:term":[{"taxonomy":"product_brand","embeddable":true,"href":"https:\/\/www.serpromin.cl\/store\/wp-json\/wp\/v2\/product_brand?post=3376"},{"taxonomy":"product_cat","embeddable":true,"href":"https:\/\/www.serpromin.cl\/store\/wp-json\/wp\/v2\/product_cat?post=3376"},{"taxonomy":"product_tag","embeddable":true,"href":"https:\/\/www.serpromin.cl\/store\/wp-json\/wp\/v2\/product_tag?post=3376"}],"curies":[{"name":"wp","href":"https:\/\/api.w.org\/{rel}","templated":true}]}}