{"id":3312,"date":"2014-06-23T06:52:17","date_gmt":"2014-06-23T09:52:17","guid":{"rendered":"http:\/\/demo2.wpdance.com\/oswadmarket_sample\/?product=default-simple-product-13"},"modified":"2023-03-30T14:18:36","modified_gmt":"2023-03-30T17:18:36","slug":"linterna-frontal-pixa-2-petzl","status":"publish","type":"product","link":"https:\/\/www.serpromin.cl\/store\/producto\/linterna-frontal-pixa-2-petzl\/","title":{"rendered":"Linterna Frontal Pixa 2 PETZL"},"content":{"rendered":"<p>Linterna frontal que permite evolucionar en atm\u00f3sferas explosivas ATEX, adecuada para la visi\u00f3n de cerca y los desplazamientos. 80 l\u00famenes<\/p>\n<p>La linterna frontal PIXA 2 es una linterna robusta que ofrece una iluminaci\u00f3n que permite trabajar c\u00f3modamente al alcance de la mano y desplazarse con total seguridad. Tecnolog\u00eda de iluminaci\u00f3n CONSTANT LIGHTING: los rendimientos de la iluminaci\u00f3n no disminuyen a medida que se descargan las pilas. Responde a las exigencias de la certificaci\u00f3n ATEX zona 2\/22 (II 3 GD Ex nA ic IIB T4 Gc tc IIIC T135\u00b0C Dc) para el trabajo en una atm\u00f3sfera expuesta al riesgo de explosi\u00f3n.<\/p>\n<p>Linterna frontal que permite tener las manos libres para trabajar, y que se puede llevar:<br \/>\nEn la cabeza con la cinta.<br \/>\nFijada a un casco mediante la pletina (incluida).<br \/>\nColocada en el suelo.<\/p>\n<p>Linterna con tecnolog\u00eda de iluminaci\u00f3n CONSTANT LIGHTING, que garantiza rendimientos de la iluminaci\u00f3n que no disminuyen a medida que las pilas se van descargando.<\/p>\n<p>Varios modos de iluminaci\u00f3n adecuados a cada situaci\u00f3n:<br \/>\nModo flojo para los trabajos al alcance de la mano: haz luminoso mixto con una base amplia y homog\u00e9nea.<br \/>\nModo fuerte para los desplazamientos: haz luminoso mixto que ofrece un componente focalizado que permite desplazarse c\u00f3modamente.<\/p>\n<p>Iluminaci\u00f3n profesional fiable, pr\u00e1ctica y duradera:<br \/>\nPaso autom\u00e1tico a modo de reserva cuando las pilas est\u00e1n casi descargadas (se\u00f1alado por destellos de la iluminaci\u00f3n).<br \/>\nBot\u00f3n rotativo ergon\u00f3mico que puede accionarse incluso con guantes.<br \/>\nPosici\u00f3n de almacenamiento que permite proteger el vidrio de la linterna y evitar encendidos intempestivos.<br \/>\nPuede utilizarse en atm\u00f3sferas explosivas con riesgo espor\u00e1dico.<br \/>\nExcelente resistencia a las ca\u00eddas (2 m), a los golpes y al aplastamiento (80 kg).<br \/>\nCinta el\u00e1stica c\u00f3moda y lavable.<br \/>\nResiste a los productos qu\u00edmicos.<\/p>\n<p>Linterna certificada ATEX zona 2\/22 (II 3 GD Ex nA ic IIB T4 Gc tc IIIC T135\u00b0C Dc).<\/p>\n<p>Caracter\u00edsticas:<\/p>\n<p>Peso: 160 gramos.<\/p>\n<p>Tecnolog\u00eda: CONSTANT LIGHTING<\/p>\n<p>Tipo de haz luminoso: mixto<\/p>\n<p>Alimentaci\u00f3n: 2 pilas AA\/LR06 (incluidas)<\/p>\n<p>Compatibilidad de las pilas: recargables de Ni-MH y pilas de litio<\/p>\n<p>Estanqueidad: IP 67 (estanca hasta -1 metro durante 30 minutos, no requiere mantenimiento despu\u00e9s de la inmersi\u00f3n)<\/p>\n","protected":false},"excerpt":{"rendered":"<p>Linterna frontal que permite evolucionar en atm\u00f3sferas explosivas ATEX, adecuada para la visi\u00f3n de cerca y los desplazamientos. 80 l\u00famenes<\/p>\n","protected":false},"featured_media":4767,"comment_status":"open","ping_status":"closed","template":"","meta":{"om_disable_all_campaigns":false,"_monsterinsights_skip_tracking":false,"_monsterinsights_sitenote_active":false,"_monsterinsights_sitenote_note":"","_monsterinsights_sitenote_category":0,"_uf_show_specific_survey":0,"_uf_disable_surveys":false},"product_brand":[],"product_cat":[16,134],"product_tag":[45,61],"class_list":{"0":"post-3312","1":"product","2":"type-product","3":"status-publish","4":"has-post-thumbnail","6":"product_cat-seguridad-industrial","7":"product_cat-iluminacion","8":"product_tag-ante-cubilia","9":"product_tag-sollicitudinous","11":"first","12":"instock","13":"taxable","14":"shipping-taxable","15":"product-type-simple"},"_links":{"self":[{"href":"https:\/\/www.serpromin.cl\/store\/wp-json\/wp\/v2\/product\/3312","targetHints":{"allow":["GET"]}}],"collection":[{"href":"https:\/\/www.serpromin.cl\/store\/wp-json\/wp\/v2\/product"}],"about":[{"href":"https:\/\/www.serpromin.cl\/store\/wp-json\/wp\/v2\/types\/product"}],"replies":[{"embeddable":true,"href":"https:\/\/www.serpromin.cl\/store\/wp-json\/wp\/v2\/comments?post=3312"}],"wp:featuredmedia":[{"embeddable":true,"href":"https:\/\/www.serpromin.cl\/store\/wp-json\/wp\/v2\/media\/4767"}],"wp:attachment":[{"href":"https:\/\/www.serpromin.cl\/store\/wp-json\/wp\/v2\/media?parent=3312"}],"wp:term":[{"taxonomy":"product_brand","embeddable":true,"href":"https:\/\/www.serpromin.cl\/store\/wp-json\/wp\/v2\/product_brand?post=3312"},{"taxonomy":"product_cat","embeddable":true,"href":"https:\/\/www.serpromin.cl\/store\/wp-json\/wp\/v2\/product_cat?post=3312"},{"taxonomy":"product_tag","embeddable":true,"href":"https:\/\/www.serpromin.cl\/store\/wp-json\/wp\/v2\/product_tag?post=3312"}],"curies":[{"name":"wp","href":"https:\/\/api.w.org\/{rel}","templated":true}]}}