{"id":3311,"date":"2014-06-23T06:52:14","date_gmt":"2014-06-23T09:52:14","guid":{"rendered":"http:\/\/demo2.wpdance.com\/oswadmarket_sample\/?product=default-simple-product-14"},"modified":"2022-09-26T11:14:50","modified_gmt":"2022-09-26T14:14:50","slug":"linterna-frontal-pixa-3-petzl","status":"publish","type":"product","link":"https:\/\/www.serpromin.cl\/store\/producto\/linterna-frontal-pixa-3-petzl\/","title":{"rendered":"Linterna Frontal Pixa 3 PETZL"},"content":{"rendered":"<p>Linterna frontal que permite evolucionar en atm\u00f3sferas explosivas ATEX, adecuada para la visi\u00f3n de cerca, los desplazamientos y la visi\u00f3n de lejos. 100 l\u00famenes<\/p>\n<p>La linterna frontal PIXA 3 es una linterna robusta y polivalente. Gracias a su haz luminoso m\u00faltiple, se adapta a cualquier situaci\u00f3n: trabajos al alcance de la mano, desplazamientos y visi\u00f3n de lejos. Tecnolog\u00eda de iluminaci\u00f3n CONSTANT LIGHTING: los rendimientos de la iluminaci\u00f3n no disminuyen a medida que se descargan las pilas. Responde a las exigencias de la certificaci\u00f3n ATEX zona 2\/22 (II 3 GD Ex nA ic IIB T4 Gc tc IIIC T135\u00b0C Dc) para el trabajo en una atm\u00f3sfera expuesta al riesgo de explosi\u00f3n.<\/p>\n<p>Linterna frontal que permite tener las manos libres para trabajar, y que se puede llevar:<br \/>\n&#8211; En la cabeza con la cinta.<br \/>\n&#8211; Fijada a un casco mediante la pletina (incluida).<br \/>\n&#8211; Colocada en el suelo.<\/p>\n<p>Linterna con tecnolog\u00eda de iluminaci\u00f3n CONSTANT LIGHTING, que garantiza rendimientos de la iluminaci\u00f3n que no disminuyen a medida que las pilas se van descargando.<\/p>\n<p>Varios modos de iluminaci\u00f3n adecuados a cada situaci\u00f3n:<br \/>\n&#8211; Modo para los trabajos al alcance de la mano: haz luminoso amplio y homog\u00e9neo.<br \/>\n&#8211; Modo para los desplazamientos: haz luminoso mixto que ofrece un componente focalizado que permite desplazarse c\u00f3modamente.<br \/>\n&#8211; Modo para la visi\u00f3n de lejos: haz luminoso focalizado.<\/p>\n<p>Iluminaci\u00f3n profesional fiable, pr\u00e1ctica y duradera:<br \/>\n&#8211; Paso autom\u00e1tico a modo de reserva cuando las pilas est\u00e1n casi descargadas (se se\u00f1ala por destellos y un indicador rojo).<br \/>\n&#8211; Bot\u00f3n rotativo ergon\u00f3mico que puede accionarse incluso con guantes.<br \/>\n&#8211; Posici\u00f3n de almacenamiento que permite proteger el vidrio de la linterna y evitar encendidos intempestivos.<br \/>\n&#8211; Puede utilizarse en atm\u00f3sferas explosivas con riesgo espor\u00e1dico.<br \/>\n&#8211; Excelente resistencia a las ca\u00eddas (2 m), a los golpes y al aplastamiento (80 kg).<br \/>\n&#8211; Cinta el\u00e1stica c\u00f3moda y lavable.<br \/>\n&#8211; Resiste a los productos qu\u00edmicos.<\/p>\n<p>Linterna certificada ATEX zona 2\/22 (II 3 GD Ex nA ic IIB T4 Gc tc IIIC T135\u00b0C Dc).<\/p>\n<p>Caracter\u00edsticas<\/p>\n<p>Peso: 160 g<\/p>\n<p>Tecnolog\u00eda: CONSTANT LIGHTING<\/p>\n<p>Tipo de haz luminoso: amplio, mixto o focalizado<\/p>\n<p>Alimentaci\u00f3n: 2 pilas AA\/LR06 (incluidas)<\/p>\n<p>Compatibilidad de las pilas: recargables de Ni-MH y pilas de litio<\/p>\n<p>Estanqueidad: IP67 (estanca hasta -1 metro durante 30 minutos, no requiere mantenimiento despu\u00e9s de la inmersi\u00f3n)<\/p>\n","protected":false},"excerpt":{"rendered":"<p>Linterna frontal que permite evolucionar en atm\u00f3sferas explosivas ATEX, adecuada para la visi\u00f3n de cerca, los desplazamientos y la visi\u00f3n de lejos. 100 l\u00famenes.<\/p>\n","protected":false},"featured_media":4771,"comment_status":"open","ping_status":"closed","template":"","meta":{"om_disable_all_campaigns":false,"_monsterinsights_skip_tracking":false,"_monsterinsights_sitenote_active":false,"_monsterinsights_sitenote_note":"","_monsterinsights_sitenote_category":0,"_uf_show_specific_survey":0,"_uf_disable_surveys":false},"product_brand":[],"product_cat":[16,134],"product_tag":[142,136,137,141,138,139,140,60,130,133,65],"class_list":{"0":"post-3311","1":"product","2":"type-product","3":"status-publish","4":"has-post-thumbnail","6":"product_cat-seguridad-industrial","7":"product_cat-iluminacion","8":"product_tag-atex","9":"product_tag-illuminacion","10":"product_tag-linterna","11":"product_tag-linterna-atex","12":"product_tag-linterna-de-casco","13":"product_tag-linterna-frontal","14":"product_tag-linterna-led","15":"product_tag-shopping","16":"product_tag-trabajo-en-altura","17":"product_tag-trabajoen-altura","18":"product_tag-woocommerce","20":"first","21":"instock","22":"taxable","23":"shipping-taxable","24":"product-type-simple"},"_links":{"self":[{"href":"https:\/\/www.serpromin.cl\/store\/wp-json\/wp\/v2\/product\/3311","targetHints":{"allow":["GET"]}}],"collection":[{"href":"https:\/\/www.serpromin.cl\/store\/wp-json\/wp\/v2\/product"}],"about":[{"href":"https:\/\/www.serpromin.cl\/store\/wp-json\/wp\/v2\/types\/product"}],"replies":[{"embeddable":true,"href":"https:\/\/www.serpromin.cl\/store\/wp-json\/wp\/v2\/comments?post=3311"}],"wp:featuredmedia":[{"embeddable":true,"href":"https:\/\/www.serpromin.cl\/store\/wp-json\/wp\/v2\/media\/4771"}],"wp:attachment":[{"href":"https:\/\/www.serpromin.cl\/store\/wp-json\/wp\/v2\/media?parent=3311"}],"wp:term":[{"taxonomy":"product_brand","embeddable":true,"href":"https:\/\/www.serpromin.cl\/store\/wp-json\/wp\/v2\/product_brand?post=3311"},{"taxonomy":"product_cat","embeddable":true,"href":"https:\/\/www.serpromin.cl\/store\/wp-json\/wp\/v2\/product_cat?post=3311"},{"taxonomy":"product_tag","embeddable":true,"href":"https:\/\/www.serpromin.cl\/store\/wp-json\/wp\/v2\/product_tag?post=3311"}],"curies":[{"name":"wp","href":"https:\/\/api.w.org\/{rel}","templated":true}]}}